{"id":1864,"date":"2019-04-16T04:05:20","date_gmt":"2019-04-16T04:05:20","guid":{"rendered":"http:\/\/wpdemo.archiwp.com\/consultax\/?page_id=1864"},"modified":"2023-07-27T11:40:56","modified_gmt":"2023-07-27T08:40:56","slug":"home-2","status":"publish","type":"page","link":"https:\/\/turas.com.tr\/","title":{"rendered":"Home 2"},"content":{"rendered":"<section class=\"wpb-content-wrapper\"><p>[vc_row full_width=&#8221;stretch_row_content_no_spaces&#8221;][vc_column][rev_slider_vc alias=&#8221;home-2&#8243;][\/vc_column][\/vc_row][vc_row equal_height=&#8221;yes&#8221; content_placement=&#8221;top&#8221;][vc_column el_class=&#8221;top-120&#8243;][vc_row_inner equal_height=&#8221;yes&#8221; content_placement=&#8221;middle&#8221; css=&#8221;.vc_custom_1690447209157{background-image: url(https:\/\/turas.com.tr\/wp-content\/uploads\/2023\/07\/whyus-1.jpg?id=3183) !important;}&#8221;][vc_column_inner css=&#8221;.vc_custom_1555387957866{padding-top: 300px !important;padding-bottom: 213px !important;background-image: url(https:\/\/turas.com.tr\/wp-content\/uploads\/2019\/04\/whyus-1.jpg?id=1866) !important;background-position: center !important;background-repeat: no-repeat !important;background-size: cover !important;}&#8221; offset=&#8221;vc_col-md-4&#8243;][\/vc_column_inner][vc_column_inner css=&#8221;.vc_custom_1555388621593{padding-top: 0px !important;background-color: #ffffff !important;}&#8221; offset=&#8221;vc_col-md-8&#8243;][vc_column_text el_class=&#8221;padding-box-3&#8243; css=&#8221;.vc_custom_1688655750790{margin-bottom: 0px !important;background-color: #ffffff !important;}&#8221;]<\/p>\n<div class=\"section-head \">\n<h6>TURA\u015e TUR\u0130ZM<\/h6>\n<h2 class=\"section-title\">Neden Tura\u015f Turizm ?<\/h2>\n<p>&nbsp;<\/p><\/div>\n<ol>Kaliteden ve kaliteli hizmetten hi\u00e7bir zaman \u00f6d\u00fcn vermeyiz. Yapt\u0131\u011f\u0131m\u0131z i\u015flerdeki kalite bizi bug\u00fcnlere getirdi. Yapt\u0131\u011f\u0131m\u0131z her i\u015fin hakk\u0131n\u0131 vermeye \u00e7al\u0131\u015f\u0131r, hakk\u0131n\u0131 vermeyece\u011fimiz i\u015fe girmeyiz, \u00e7\u00fcnk\u00fc biz kaliteye \u00f6nem veririz. Kaliteli i\u015f, kaliteli sonu\u00e7lar do\u011furur. \u0130\u015fte ba\u015far\u0131m\u0131z da kalitemizin esiridir.Alan\u0131nda yetkin, tecr\u00fcbeli kadrolar\u0131m\u0131zla ihtiya\u00e7 duydu\u011funuz her alanda size en iyisini sunmak i\u00e7in buraday\u0131z.<\/ol>\n<div class=\"three-boxes\">\n<div class=\"simple-box\">\n<div class=\"inner\">\n<p><i class=\"ion-ios-bulb\">bulb<\/i><\/p>\n<h6>Kalite<\/h6>\n<\/div>\n<\/div>\n<div class=\"simple-box\">\n<div class=\"inner\">\n<p><i class=\"ion-md-rocket\">rocket<\/i><\/p>\n<h6>G\u00fcvenilir<\/h6>\n<\/div>\n<\/div>\n<div class=\"simple-box\">\n<div class=\"inner\">\n<p><i class=\"ion-ios-apps\">apps<\/i><\/p>\n<h6>Dayan\u0131kl\u0131l\u0131k<\/h6>\n<\/div>\n<\/div>\n<\/div>\n<p>[\/vc_column_text][\/vc_column_inner][\/vc_row_inner][\/vc_column][\/vc_row][vc_row css=&#8221;.vc_custom_1690201484040{background-color: #00387a !important;}&#8221;][vc_column width=&#8221;1\/2&#8243;][vc_images_carousel images=&#8221;3178,3177,3176,3174&#8243; img_size=&#8221;575&#215;300&#8243; speed=&#8221;500&#8243; css=&#8221;.vc_custom_1690201354091{margin-top: 50px !important;}&#8221;][\/vc_column][vc_column width=&#8221;1\/2&#8243;][vc_column_text css=&#8221;.vc_custom_1690201378048{margin-top: 50px !important;}&#8221;]<\/p>\n<h4 style=\"text-align: center;\"><span style=\"color: #ffffff;\"><strong>HALK PLAJLARI<\/strong><\/span><\/h4>\n<p><span style=\"color: #ffffff;\">&#8220;<b>Be\u015f Y\u0131ld\u0131zl\u0131<\/b>&#8221; slogan\u0131 ile yola \u00e7\u0131karak siz de\u011ferli vatanda\u015flar\u0131m\u0131z i\u00e7in hizmete ald\u0131\u011f\u0131m\u0131z Mavi Bayrakl\u0131 Halk Plajlar\u0131m\u0131z G\u00fczel \u00fclkemizin farkl\u0131 lokasyonlar\u0131nda yeni halk plajlar\u0131\u00a0kazand\u0131rarak daha fazla vatanda\u015f\u0131m\u0131za hizmet vermeye \u00e7al\u0131\u015f\u0131yoruz.<\/span><\/p>\n<p><span style=\"color: #ffffff;\">D\u00fc\u015f\u00fck fiyat politikas\u0131 izledi\u011fimiz alkol sat\u0131\u015f\u0131 bulunmayan l\u00fcks halk plajlar\u0131m\u0131zda her kesimden, her milletten misafirlerimizi a\u011f\u0131rlamaya\u00a0 huzurlu, g\u00fcvenli bir dinlence ve e\u011flence g\u00fcn\u00fc sa\u011flamaya ama\u00e7l\u0131yoruz.<\/span><\/p>\n<h4 style=\"text-align: center;\"><span style=\"color: #ffffff;\">TURA\u015e TUR\u0130ZM VE T\u0130CARET A.\u015e<\/span><\/h4>\n<p>[\/vc_column_text][\/vc_column][\/vc_row][vc_row css=&#8221;.vc_custom_1688828009516{background-color: #d4007b !important;}&#8221;][vc_column width=&#8221;1\/2&#8243;][vc_column_text css=&#8221;.vc_custom_1690200902404{margin-top: 50px !important;}&#8221;]<\/p>\n<h4 style=\"text-align: center;\"><span style=\"color: #ffffff;\"><strong>ARITMA TES\u0130SLER\u0130<\/strong><\/span><\/h4>\n<p><span style=\"color: #ffffff;\">T\u00fcrkler At\u0131ksu Ar\u0131tma Tesisi\u00a0T\u00dcRKLER At\u0131ksu \u00a0Ar\u0131tma Tesisi Antalya\u2019n\u0131n do\u011fusundaki \u00a0 T\u00fcrkler Beldesinde bulunan oteller ile Belde yerle\u015fim yerinin at\u0131k sular\u0131n\u0131n toplanmas\u0131 ve ar\u0131t\u0131lmas\u0131 amac\u0131 ile TURA\u015e TUR\u0130ZM ve T\u0130CARET A.\u015e Genel M\u00fcd\u00fcrl\u00fc\u011f\u00fc taraf\u0131ndan 28.02.2009 tarihinde devreye al\u0131nm\u0131\u015ft\u0131r. Turizm Merkezinde At\u0131ksu Ar\u0131tma i\u015fletme maliyeti olarak otellerden y\u0131ld\u0131z say\u0131lar\u0131na g\u00f6re yatak ba\u015f\u0131, sezon ve sezon d\u0131\u015f\u0131,a\u00e7\u0131k ve kapal\u0131 olma durumuna g\u00f6re bedel al\u0131nmaktad\u0131r.<\/span><\/p>\n<h4 style=\"text-align: center;\"><span style=\"color: #ffffff;\">TURA\u015e TUR\u0130ZM VE T\u0130CARET A.\u015e<\/span><\/h4>\n<p>[\/vc_column_text][\/vc_column][vc_column width=&#8221;1\/2&#8243;][vc_images_carousel images=&#8221;3138,3144,3146,3147&#8243; img_size=&#8221;575&#215;300&#8243; speed=&#8221;500&#8243; css=&#8221;.vc_custom_1690201266188{margin-top: 50px !important;}&#8221;][\/vc_column][\/vc_row][vc_row equal_height=&#8221;yes&#8221; content_placement=&#8221;middle&#8221; el_class=&#8221;section-padd&#8221; css=&#8221;.vc_custom_1688656808213{margin-top: -80px !important;}&#8221;][vc_column offset=&#8221;vc_col-md-9&#8243;]\n    <div class=\"section-head \">\n                    <h6><span>TURA\u015e TUR\u0130ZM<\/span><\/h6>\n                <h2 class=\"section-title\">Neden Tura\u015f Turizm ?<\/h2>\n            <\/div>\n\n[vc_empty_space height=&#8221;30px&#8221; el_class=&#8221;md-hidden sm-hidden&#8221;][\/vc_column][vc_column offset=&#8221;vc_col-md-3&#8243;][\/vc_column][vc_column width=&#8221;1\/2&#8243; offset=&#8221;vc_col-md-4&#8243;]\n        <div class=\"service-box icon-box  ionic  hover-box\">\n                <i class=\"ion-md-people ion-logo-people\"><\/i>                <div class=\"content-box\">\n            <h4>\u015eirket Y\u00f6netimi<\/h4>\n            <p>Y\u00f6netim d\u00fczeyinde profesyonellik, m\u00fctevaz\u0131 olmay\u0131 \u00f6\u011frenmeyi i\u00e7erir. Ba\u015fkalar\u0131n\u0131n s\u0131k\u0131 \u00e7al\u0131\u015fmas\u0131n\u0131 tan\u0131mak, ger\u00e7ekten takdir etmek ve a\u00e7\u0131k\u00e7a kabul etmek, \u00e7al\u0131\u015fan performans\u0131 i\u00e7in b\u00fcy\u00fck bir motive edicidir.<\/p>\n                    <\/div>\n    <\/div>\n    \n    [vc_empty_space height=&#8221;30px&#8221;][\/vc_column][vc_column width=&#8221;1\/2&#8243; offset=&#8221;vc_col-md-4&#8243;]\n        <div class=\"service-box icon-box  ionic  hover-box\">\n                <i class=\"ion-md-cube ion-logo-cube\"><\/i>                <div class=\"content-box\">\n            <h4>Avrupa Standartlar\u0131nda<\/h4>\n            <p>Mavi Bayrakl\u0131 Halk Plajlar\u0131m\u0131z, sizlere en uygun fiyatlar ile en iyi hizmeti vermek i\u00e7in her sezon yenilenen sizlerden gelen \u00f6neriler ile kendilerini geli\u015ftiren ekiplerimiz ile siz de\u011ferli vatanda\u015flar\u0131m\u0131z\u0131n kullan\u0131m\u0131na haz\u0131rd\u0131r.<\/p>\n                    <\/div>\n    <\/div>\n    \n    [vc_empty_space height=&#8221;30px&#8221;][\/vc_column][vc_column width=&#8221;1\/2&#8243; offset=&#8221;vc_col-md-4&#8243;]\n        <div class=\"service-box icon-box  ionic  hover-box\">\n                <i class=\"ion-md-podium ion-logo-podium\"><\/i>                <div class=\"content-box\">\n            <h4>Misyon & Vizyon<\/h4>\n            <p>T\u00fcm faaliyetlerinde insan\u0131 en de\u011ferli varl\u0131\u011f\u0131 olarak kabul eder, daha g\u00fcvenli ve sa\u011fl\u0131kl\u0131 bir \u00e7al\u0131\u015fma ortam\u0131 olu\u015fturarak, olu\u015fabilecek her t\u00fcrl\u00fc kay\u0131plar\u0131 en aza indirmeyi \u00f6ncelikli i\u015f hedefi olarak benimser.<\/p>\n                    <\/div>\n    <\/div>\n    \n    [vc_empty_space height=&#8221;30px&#8221;][\/vc_column][vc_column width=&#8221;1\/2&#8243; offset=&#8221;vc_col-md-4&#8243;]\n        <div class=\"service-box icon-box  ionic  hover-box\">\n                <i class=\"ion-md-list-box ion-logo-list-box\"><\/i>                <div class=\"content-box\">\n            <h4>Kalite Politikam\u0131z<\/h4>\n            <p>TURA\u015e A.\u015e. olarak hedefimiz <b>t\u00fcm tesislerimizi <\/b>markam\u0131za yak\u0131\u015f\u0131r hale getirerek\u00a0 \u201cM\u00fc\u015fteri Memnuniyeti\u201d ilkesi ve kalitesi ile tan\u0131n\u0131r hale getirmektir,\u00a0Bu hedefimiz do\u011frultusunda kalite politikam\u0131z\u0131 s\u00fcrekli ileriye ta\u015f\u0131maktay\u0131z.<\/p>\n                    <\/div>\n    <\/div>\n    \n    [vc_empty_space height=&#8221;30px&#8221; el_class=&#8221;lg-hidden&#8221;][\/vc_column][vc_column width=&#8221;1\/2&#8243; offset=&#8221;vc_col-md-4&#8243;]\n        <div class=\"service-box icon-box  ionic  hover-box\">\n                <i class=\"ion-md-trophy ion-logo-trophy\"><\/i>                <div class=\"content-box\">\n            <h4>Vergi \u015eampiyonu<\/h4>\n            <p>K\u00fclt\u00fcr ve Turizm Bakanl\u0131\u011f\u0131, D\u00f6ner Sermaye \u0130\u015fletmeleri i\u015ftiraki olan TURA\u015e Turizm Ticaret A.\u015e.nin ba\u015fl\u0131ca hizmetlerindeki ba\u015far\u0131lar\u0131n\u0131n d\u0131\u015f\u0131nda birde\u00a0 Ankara kurumlar aras\u0131 vergi \u00f6demelerinde \u015firketimiz ilk 100 i\u00e7erisinde.<\/p>\n                    <\/div>\n    <\/div>\n    \n    [vc_empty_space height=&#8221;30px&#8221; el_class=&#8221;lg-hidden md-hidden&#8221;][\/vc_column][vc_column width=&#8221;1\/2&#8243; offset=&#8221;vc_col-md-4&#8243;]\n        <div class=\"service-box icon-box  ionic  hover-box\">\n                <i class=\"ion-md-wallet ion-logo-wallet\"><\/i>                <div class=\"content-box\">\n            <h4>Ar\u0131tma Tesislerimiz<\/h4>\n            <p>At\u0131k\u00a0<b>su ar\u0131tma tesisleri<\/b>, insanlar taraf\u0131ndan kullan\u0131lan sular\u0131n, end\u00fcstriyel faaliyetler sonucu olu\u015fan at\u0131k sular\u0131n ve ya\u011fmur sular\u0131n\u0131n toplanmas\u0131,\u00a0<b>ar\u0131t\u0131lmas\u0131<\/b>\u00a0ve tekrar kullan\u0131ma haz\u0131r hale getirilmesi i\u00e7in kullan\u0131lan tesislerdir.<\/p>\n                    <\/div>\n    <\/div>\n    \n    [\/vc_column][\/vc_row][vc_row equal_height=&#8221;yes&#8221; content_placement=&#8221;middle&#8221; el_class=&#8221;section-padd&#8221; css=&#8221;.vc_custom_1690447240634{background-image: url(https:\/\/turas.com.tr\/wp-content\/uploads\/2023\/07\/bg-home2-1.jpg?id=3182) !important;background-position: center !important;background-repeat: no-repeat !important;background-size: cover !important;}&#8221;][vc_column offset=&#8221;vc_col-md-8&#8243;][\/vc_column][vc_column offset=&#8221;vc_col-md-4&#8243; el_class=&#8221;mobile-white&#8221;]\n    <div class=\"section-head \">\n                    <h6><span>DESTEK<\/span><\/h6>\n                <h2 class=\"section-title\">Sizlere daha iyi hizmet i\u00e7in buraday\u0131z<\/h2>\n            <\/div>\n\n[vc_column_text]\u0130leti\u015fim bilgilerini sa\u011flay\u0131n ve m\u00fcmk\u00fcn olan en k\u0131sa s\u00fcrede size geri d\u00f6nece\u011fiz[\/vc_column_text]\n<div class=\"wpcf7 no-js\" id=\"wpcf7-f5-o1\" lang=\"tr-TR\" dir=\"ltr\">\n<div class=\"screen-reader-response\"><p role=\"status\" aria-live=\"polite\" aria-atomic=\"true\"><\/p> <ul><\/ul><\/div>\n<form action=\"\/index.php?rest_route=%2Fwp%2Fv2%2Fpages%2F1864#wpcf7-f5-o1\" method=\"post\" class=\"wpcf7-form init\" aria-label=\"Contact form\" novalidate=\"novalidate\" data-status=\"init\">\n<div style=\"display: none;\">\n<input type=\"hidden\" name=\"_wpcf7\" value=\"5\" \/>\n<input type=\"hidden\" name=\"_wpcf7_version\" value=\"5.7.6\" \/>\n<input type=\"hidden\" name=\"_wpcf7_locale\" value=\"tr_TR\" \/>\n<input type=\"hidden\" name=\"_wpcf7_unit_tag\" value=\"wpcf7-f5-o1\" \/>\n<input type=\"hidden\" name=\"_wpcf7_container_post\" value=\"0\" \/>\n<input type=\"hidden\" name=\"_wpcf7_posted_data_hash\" value=\"\" \/>\n<\/div>\n<p><label> Ad\u0131n\u0131z<br \/>\n<span class=\"wpcf7-form-control-wrap\" data-name=\"your-name\"><input size=\"40\" class=\"wpcf7-form-control wpcf7-text wpcf7-validates-as-required\" autocomplete=\"name\" aria-required=\"true\" aria-invalid=\"false\" value=\"\" type=\"text\" name=\"your-name\" \/><\/span> <\/label>\n<\/p>\n<p><label> E-posta adresiniz<br \/>\n<span class=\"wpcf7-form-control-wrap\" data-name=\"your-email\"><input size=\"40\" class=\"wpcf7-form-control wpcf7-text wpcf7-email wpcf7-validates-as-required wpcf7-validates-as-email\" autocomplete=\"email\" aria-required=\"true\" aria-invalid=\"false\" value=\"\" type=\"email\" name=\"your-email\" \/><\/span> <\/label>\n<\/p>\n<p><label> Konu<br \/>\n<span class=\"wpcf7-form-control-wrap\" data-name=\"your-subject\"><input size=\"40\" class=\"wpcf7-form-control wpcf7-text wpcf7-validates-as-required\" aria-required=\"true\" aria-invalid=\"false\" value=\"\" type=\"text\" name=\"your-subject\" \/><\/span> <\/label>\n<\/p>\n<p><label> \u0130letiniz (tercihe ba\u011fl\u0131)<br \/>\n<span class=\"wpcf7-form-control-wrap\" data-name=\"your-message\"><textarea cols=\"40\" rows=\"10\" class=\"wpcf7-form-control wpcf7-textarea\" aria-invalid=\"false\" name=\"your-message\"><\/textarea><\/span> <\/label>\n<\/p>\n<p><input class=\"wpcf7-form-control has-spinner wpcf7-submit\" type=\"submit\" value=\"G\u00f6nder\" \/>\n<\/p><div class=\"wpcf7-response-output\" aria-hidden=\"true\"><\/div>\n<\/form>\n<\/div>\n[\/vc_column][\/vc_row][vc_row equal_height=&#8221;yes&#8221; content_placement=&#8221;middle&#8221; el_class=&#8221;section-padd&#8221; css=&#8221;.vc_custom_1554104145825{background-color: #ffffff !important;}&#8221;][vc_column][vc_row_inner equal_height=&#8221;yes&#8221; content_placement=&#8221;middle&#8221;][vc_column_inner el_class=&#8221;padding-box-30&#8243; css=&#8221;.vc_custom_1555578838021{background-image: url(https:\/\/turas.com.tr\/wp-content\/uploads\/2019\/04\/bg-home2-2-1.jpg?id=1874) !important;background-position: center !important;background-repeat: no-repeat !important;background-size: cover !important;}&#8221; offset=&#8221;vc_col-md-6&#8243;][vc_column_text el_class=&#8221;text-light bg-second-trans padding-box-60 font-second&#8221; css=&#8221;.vc_custom_1688553271147{margin-bottom: 0px !important;border-radius: 2px !important;}&#8221;]<\/p>\n<h3>Bize Nas\u0131l Ula\u015fabilirsiniz?<\/h3>\n<div class=\"gaps\"><\/div>\n<p class=\"font12 gray\">Adres ;<\/p>\n<p class=\"semi-bold\"><em>Adres\u00a0:<\/em> 26. Sokak (Eski 62. Sokak) No : 8 Emek\/Ankara<\/p>\n<div class=\"gaps\"><\/div>\n<p class=\"font12 gray\">Telefon<\/p>\n<p class=\"semi-bold\">\u00a00312 223 27 02<\/p>\n<p class=\"font12 gray\">Fax<\/p>\n<p class=\"semi-bold\">\u00a00312 223 92 86<\/p>\n<p>[\/vc_column_text][\/vc_column_inner][vc_column_inner offset=&#8221;vc_col-md-offset-1 vc_col-md-5 vc_col-sm-offset-0&#8243;][vc_empty_space height=&#8221;60px&#8221; el_class=&#8221;lg-hidden&#8221;]\n    <div class=\"section-head \">\n                    <h6><span>Tura\u015f Turizm ve Ticaret<\/span><\/h6>\n                <h2 class=\"section-title\">Misyonumuz & Vizyonumuz<\/h2>\n            <\/div>\n\n[vc_column_text css=&#8221;.vc_custom_1688653369789{padding-top: 10px !important;}&#8221;]At\u0131klar\u0131 \u00e7evre kirlili\u011fini \u00f6nleyecek \u015fekilde i\u015fleme, depolamak, bertaraf etmek ve olabildi\u011fince geri d\u00f6n\u00fc\u015ft\u00fcrerek ekonomiye kazand\u0131rmak,<br \/>\nDo\u011fal kaynaklar\u0131n ve enerjinin verimli kullan\u0131lmas\u0131n\u0131 sa\u011flamak,<br \/>\nY\u00fcr\u00fcrl\u00fckteki \u00e7evre ve i\u015f sa\u011fl\u0131\u011f\u0131-g\u00fcvenli\u011fi mevzuat\u0131na, m\u00fc\u015fteri beklentilerine ve ilgili di\u011fer yasal \u015fartlara uymak,Hizmette kalite, \u00e7evre ve i\u015f sa\u011fl\u0131\u011f\u0131 \u2013 g\u00fcvenli\u011fi y\u00f6netim sistemlerimizi s\u00fcrekli iyile\u015ftirmek , T\u00fcm faaliyetlerinde insan\u0131 en de\u011ferli varl\u0131\u011f\u0131 olarak kabul eder, daha g\u00fcvenli ve sa\u011fl\u0131kl\u0131 bir \u00e7al\u0131\u015fma ortam\u0131 olu\u015fturarak, olu\u015fabilecek her t\u00fcrl\u00fc kay\u0131plar\u0131 en aza indirmeyi \u00f6ncelikli i\u015f hedefi olarak benimser.[\/vc_column_text][vc_empty_space height=&#8221;60px&#8221; el_class=&#8221;lg-hidden&#8221;][\/vc_column_inner][\/vc_row_inner][\/vc_column][\/vc_row][vc_row][vc_column width=&#8221;1\/5&#8243;][vc_single_image image=&#8221;2416&#8243; onclick=&#8221;custom_link&#8221; link=&#8221;https:\/\/www.tccb.gov.tr\/&#8221;][\/vc_column][vc_column width=&#8221;1\/5&#8243;][vc_single_image image=&#8221;2418&#8243; onclick=&#8221;custom_link&#8221; link=&#8221;https:\/\/ktb.gov.tr&#8221;][\/vc_column][vc_column width=&#8221;1\/5&#8243;][vc_single_image image=&#8221;2794&#8243; onclick=&#8221;custom_link&#8221; link=&#8221;https:\/\/www.cimer.gov.tr\/&#8221;][\/vc_column][vc_column width=&#8221;1\/5&#8243;][vc_single_image image=&#8221;2420&#8243; onclick=&#8221;custom_link&#8221; link=&#8221;https:\/\/tudav.org\/&#8221;][\/vc_column][vc_column width=&#8221;1\/5&#8243;][vc_single_image image=&#8221;2421&#8243; onclick=&#8221;custom_link&#8221; link=&#8221;https:\/\/dosim.ktb.gov.tr\/&#8221;][\/vc_column][\/vc_row]<\/p>\n<\/section>","protected":false},"excerpt":{"rendered":"<p>[vc_row full_width=&#8221;stretch_row_content_no_spaces&#8221;][vc_column][rev_slider_vc alias=&#8221;home-2&#8243;][\/vc_column][\/vc_row][vc_row equal_height=&#8221;yes&#8221; content_placement=&#8221;top&#8221;][vc_column el_class=&#8221;top-120&#8243;][vc_row_inner equal_height=&#8221;yes&#8221; content_placement=&#8221;middle&#8221; css=&#8221;.vc_custom_1690447209157{background-image: url(https:\/\/turas.com.tr\/wp-content\/uploads\/2023\/07\/whyus-1.jpg?id=3183) !important;}&#8221;][vc_column_inner css=&#8221;.vc_custom_1555387957866{padding-top: 300px !important;padding-bottom: 213px !important;background-image: url(https:\/\/turas.com.tr\/wp-content\/uploads\/2019\/04\/whyus-1.jpg?id=1866) !important;background-position: center !important;background-repeat: no-repeat !important;background-size: cover !important;}&#8221; offset=&#8221;vc_col-md-4&#8243;][\/vc_column_inner][vc_column_inner css=&#8221;.vc_custom_1555388621593{padding-top: 0px !important;background-color: #ffffff !important;}&#8221; offset=&#8221;vc_col-md-8&#8243;][vc_column_text el_class=&#8221;padding-box-3&#8243; css=&#8221;.vc_custom_1688655750790{margin-bottom: 0px !important;background-color: #ffffff !important;}&#8221;] TURA\u015e TUR\u0130ZM Neden Tura\u015f Turizm ? &nbsp; Kaliteden ve kaliteli hizmetten hi\u00e7bir zaman \u00f6d\u00fcn vermeyiz. Yapt\u0131\u011f\u0131m\u0131z i\u015flerdeki kalite [&hellip;]<\/p>\n","protected":false},"author":1,"featured_media":0,"parent":0,"menu_order":0,"comment_status":"closed","ping_status":"closed","template":"","meta":{"footnotes":""},"class_list":["post-1864","page","type-page","status-publish","hentry"],"_links":{"self":[{"href":"https:\/\/turas.com.tr\/index.php?rest_route=\/wp\/v2\/pages\/1864","targetHints":{"allow":["GET"]}}],"collection":[{"href":"https:\/\/turas.com.tr\/index.php?rest_route=\/wp\/v2\/pages"}],"about":[{"href":"https:\/\/turas.com.tr\/index.php?rest_route=\/wp\/v2\/types\/page"}],"author":[{"embeddable":true,"href":"https:\/\/turas.com.tr\/index.php?rest_route=\/wp\/v2\/users\/1"}],"replies":[{"embeddable":true,"href":"https:\/\/turas.com.tr\/index.php?rest_route=%2Fwp%2Fv2%2Fcomments&post=1864"}],"version-history":[{"count":25,"href":"https:\/\/turas.com.tr\/index.php?rest_route=\/wp\/v2\/pages\/1864\/revisions"}],"predecessor-version":[{"id":3184,"href":"https:\/\/turas.com.tr\/index.php?rest_route=\/wp\/v2\/pages\/1864\/revisions\/3184"}],"wp:attachment":[{"href":"https:\/\/turas.com.tr\/index.php?rest_route=%2Fwp%2Fv2%2Fmedia&parent=1864"}],"curies":[{"name":"wp","href":"https:\/\/api.w.org\/{rel}","templated":true}]}}