{"id":2096,"date":"2023-05-04T15:19:19","date_gmt":"2023-05-04T12:19:19","guid":{"rendered":"https:\/\/turas.com.tr\/?page_id=2096"},"modified":"2023-07-20T13:58:34","modified_gmt":"2023-07-20T10:58:34","slug":"iletisim","status":"publish","type":"page","link":"https:\/\/turas.com.tr\/?page_id=2096","title":{"rendered":"\u0130leti\u015fim"},"content":{"rendered":"<section class=\"wpb-content-wrapper\"><p>[vc_row][vc_column][vc_column_text]&nbsp;[\/vc_column_text][\/vc_column][\/vc_row][vc_row content_placement=&#8221;middle&#8221; css_animation=&#8221;bounceIn&#8221;][vc_column][vc_column_text]<iframe loading=\"lazy\" style=\"border: 0;\" src=\"https:\/\/www.google.com\/maps\/embed?pb=!1m16!1m12!1m3!1d3059.602747255409!2d32.81892527505571!3d39.92790537152239!2m3!1f0!2f0!3f0!3m2!1i1024!2i768!4f13.1!2m1!1s%2026.%20Sokak%20(Eski%2062.%20Sokak)%20No%20%3A%208%20Emek%2FAnkara!5e0!3m2!1str!2str!4v1688650471390!5m2!1str!2str\" width=\"1145\" height=\"350\" allowfullscreen=\"allowfullscreen\"><\/iframe>[\/vc_column_text][vc_column_text]<\/p>\n<table class=\"wojo table\">\n<tbody>\n<tr>\n<td>\n<h3><span style=\"color: #3366ff;\"><b>GENEL M\u00dcD\u00dcRL\u00dcK<\/b><\/span><\/h3>\n<p><i class=\"home icon\"><\/i>\u00a026. Sokak (Eski 62. Sokak) No : 8 Emek\/Ankara<\/p>\n<p><i class=\"phone icon\"><\/i>\u00a00312 223 27 02<\/p>\n<p><i class=\"print icon\"><\/i>\u00a00312 223 92 86<\/p>\n<p>\u0130lgili sayfa arac\u0131l\u0131\u011f\u0131yla bize ula\u015fabilece\u011finiz gibi, sosyal medya vas\u0131tas\u0131 ile de bize ula\u015fabilirsiniz..<\/td>\n<td>\n<h3>\u00a0 \u00a0<span style=\"color: #3366ff;\"> \u00a0<b>ANTALYA M\u00dcD\u00dcRL\u00dcK<\/b><\/span><\/h3>\n<p><i class=\"home icon\"><\/i>\u00a0Bo\u011fazkent Mah. Ac\u0131su. Sk. No:1 Serik\/ Antalya<\/p>\n<p><i class=\"phone icon\"><\/i>\u00a00242 502 02 22<\/p>\n<p><i class=\"print icon\"><\/i>\u00a00242 502 02 24<\/p>\n<p>\u0130lgili sayfa arac\u0131l\u0131\u011f\u0131yla bize ula\u015fabilece\u011finiz gibi, sosyal medya vas\u0131tas\u0131 ile de bize ula\u015fabilirsiniz..<\/td>\n<\/tr>\n<\/tbody>\n<\/table>\n<p>[\/vc_column_text][\/vc_column][\/vc_row][vc_row full_width=&#8221;stretch_row&#8221; gap=&#8221;15&#8243;][vc_column]\n<div class=\"wpcf7 no-js\" id=\"wpcf7-f5-o1\" lang=\"tr-TR\" dir=\"ltr\">\n<div class=\"screen-reader-response\"><p role=\"status\" aria-live=\"polite\" aria-atomic=\"true\"><\/p> <ul><\/ul><\/div>\n<form action=\"\/index.php?rest_route=%2Fwp%2Fv2%2Fpages%2F2096#wpcf7-f5-o1\" method=\"post\" class=\"wpcf7-form init\" aria-label=\"Contact form\" novalidate=\"novalidate\" data-status=\"init\">\n<div style=\"display: none;\">\n<input type=\"hidden\" name=\"_wpcf7\" value=\"5\" \/>\n<input type=\"hidden\" name=\"_wpcf7_version\" value=\"5.7.6\" \/>\n<input type=\"hidden\" name=\"_wpcf7_locale\" value=\"tr_TR\" \/>\n<input type=\"hidden\" name=\"_wpcf7_unit_tag\" value=\"wpcf7-f5-o1\" \/>\n<input type=\"hidden\" name=\"_wpcf7_container_post\" value=\"0\" \/>\n<input type=\"hidden\" name=\"_wpcf7_posted_data_hash\" value=\"\" \/>\n<\/div>\n<p><label> Ad\u0131n\u0131z<br \/>\n<span class=\"wpcf7-form-control-wrap\" data-name=\"your-name\"><input size=\"40\" class=\"wpcf7-form-control wpcf7-text wpcf7-validates-as-required\" autocomplete=\"name\" aria-required=\"true\" aria-invalid=\"false\" value=\"\" type=\"text\" name=\"your-name\" \/><\/span> <\/label>\n<\/p>\n<p><label> E-posta adresiniz<br \/>\n<span class=\"wpcf7-form-control-wrap\" data-name=\"your-email\"><input size=\"40\" class=\"wpcf7-form-control wpcf7-text wpcf7-email wpcf7-validates-as-required wpcf7-validates-as-email\" autocomplete=\"email\" aria-required=\"true\" aria-invalid=\"false\" value=\"\" type=\"email\" name=\"your-email\" \/><\/span> <\/label>\n<\/p>\n<p><label> Konu<br \/>\n<span class=\"wpcf7-form-control-wrap\" data-name=\"your-subject\"><input size=\"40\" class=\"wpcf7-form-control wpcf7-text wpcf7-validates-as-required\" aria-required=\"true\" aria-invalid=\"false\" value=\"\" type=\"text\" name=\"your-subject\" \/><\/span> <\/label>\n<\/p>\n<p><label> \u0130letiniz (tercihe ba\u011fl\u0131)<br \/>\n<span class=\"wpcf7-form-control-wrap\" data-name=\"your-message\"><textarea cols=\"40\" rows=\"10\" class=\"wpcf7-form-control wpcf7-textarea\" aria-invalid=\"false\" name=\"your-message\"><\/textarea><\/span> <\/label>\n<\/p>\n<p><input class=\"wpcf7-form-control has-spinner wpcf7-submit\" type=\"submit\" value=\"G\u00f6nder\" \/>\n<\/p><div class=\"wpcf7-response-output\" aria-hidden=\"true\"><\/div>\n<\/form>\n<\/div>\n[\/vc_column][\/vc_row]<\/p>\n<\/section>","protected":false},"excerpt":{"rendered":"<p>[vc_row][vc_column][vc_column_text]&nbsp;[\/vc_column_text][\/vc_column][\/vc_row][vc_row content_placement=&#8221;middle&#8221; css_animation=&#8221;bounceIn&#8221;][vc_column][vc_column_text][\/vc_column_text][vc_column_text] GENEL M\u00dcD\u00dcRL\u00dcK \u00a026. Sokak (Eski 62. Sokak) No : 8 Emek\/Ankara \u00a00312 223 27 02 \u00a00312 223 92 86 \u0130lgili sayfa arac\u0131l\u0131\u011f\u0131yla bize ula\u015fabilece\u011finiz gibi, sosyal medya vas\u0131tas\u0131 ile de bize ula\u015fabilirsiniz.. \u00a0 \u00a0 \u00a0ANTALYA M\u00dcD\u00dcRL\u00dcK \u00a0Bo\u011fazkent Mah. Ac\u0131su. Sk. No:1 Serik\/ Antalya \u00a00242 502 02 22 \u00a00242 502 02 24 \u0130lgili [&hellip;]<\/p>\n","protected":false},"author":1,"featured_media":0,"parent":0,"menu_order":0,"comment_status":"closed","ping_status":"closed","template":"","meta":{"footnotes":""},"class_list":["post-2096","page","type-page","status-publish","hentry"],"_links":{"self":[{"href":"https:\/\/turas.com.tr\/index.php?rest_route=\/wp\/v2\/pages\/2096","targetHints":{"allow":["GET"]}}],"collection":[{"href":"https:\/\/turas.com.tr\/index.php?rest_route=\/wp\/v2\/pages"}],"about":[{"href":"https:\/\/turas.com.tr\/index.php?rest_route=\/wp\/v2\/types\/page"}],"author":[{"embeddable":true,"href":"https:\/\/turas.com.tr\/index.php?rest_route=\/wp\/v2\/users\/1"}],"replies":[{"embeddable":true,"href":"https:\/\/turas.com.tr\/index.php?rest_route=%2Fwp%2Fv2%2Fcomments&post=2096"}],"version-history":[{"count":10,"href":"https:\/\/turas.com.tr\/index.php?rest_route=\/wp\/v2\/pages\/2096\/revisions"}],"predecessor-version":[{"id":2797,"href":"https:\/\/turas.com.tr\/index.php?rest_route=\/wp\/v2\/pages\/2096\/revisions\/2797"}],"wp:attachment":[{"href":"https:\/\/turas.com.tr\/index.php?rest_route=%2Fwp%2Fv2%2Fmedia&parent=2096"}],"curies":[{"name":"wp","href":"https:\/\/api.w.org\/{rel}","templated":true}]}}