{"id":2158,"date":"2023-07-06T16:02:07","date_gmt":"2023-07-06T13:02:07","guid":{"rendered":"https:\/\/turas.com.tr\/?page_id=2158"},"modified":"2023-07-20T10:37:17","modified_gmt":"2023-07-20T07:37:17","slug":"misyonumuz","status":"publish","type":"page","link":"https:\/\/turas.com.tr\/?page_id=2158","title":{"rendered":"Misyonumuz"},"content":{"rendered":"<section class=\"wpb-content-wrapper\"><p>[vc_row][vc_column][vc_column_text css=&#8221;.vc_custom_1689838613456{margin-left: 10px !important;border-left-width: 10px !important;padding-left: 10px !important;}&#8221;]<\/p>\n<p><img loading=\"lazy\" decoding=\"async\" class=\"alignnone size-full wp-image-2725\" src=\"https:\/\/turas.com.tr\/wp-content\/uploads\/2023\/07\/misyonumuz.png\" alt=\"\" width=\"696\" height=\"249\" srcset=\"https:\/\/turas.com.tr\/wp-content\/uploads\/2023\/07\/misyonumuz.png 696w, https:\/\/turas.com.tr\/wp-content\/uploads\/2023\/07\/misyonumuz-300x107.png 300w\" sizes=\"auto, (max-width: 696px) 100vw, 696px\" \/><\/p>\n<p>Ulusal ve uluslararas\u0131 alanda kabul g\u00f6rm\u00fc\u015f kalite, \u00e7evre ve i\u015f sa\u011fl\u0131\u011f\u0131 &#8211; g\u00fcvenli\u011fi standartlar\u0131 \u00e7er\u00e7evesinde;<\/p>\n<ol>\n<li>At\u0131klar\u0131 \u00e7evre kirlili\u011fini \u00f6nleyecek \u015fekilde i\u015fleme, depolamak, bertaraf etmek ve olabildi\u011fince geri d\u00f6n\u00fc\u015ft\u00fcrerek ekonomiye kazand\u0131rmak,<\/li>\n<li>Do\u011fal kaynaklar\u0131n ve enerjinin verimli kullan\u0131lmas\u0131n\u0131 sa\u011flamak,<\/li>\n<li>Y\u00fcr\u00fcrl\u00fckteki \u00e7evre ve i\u015f sa\u011fl\u0131\u011f\u0131-g\u00fcvenli\u011fi mevzuat\u0131na, m\u00fc\u015fteri beklentilerine ve ilgili di\u011fer yasal \u015fartlara uymak,<\/li>\n<li>Hizmette kalite, \u00e7evre ve i\u015f sa\u011fl\u0131\u011f\u0131 &#8211; g\u00fcvenli\u011fi y\u00f6netim sistemlerimizi s\u00fcrekli iyile\u015ftirmek<\/li>\n<\/ol>\n<p>[\/vc_column_text][\/vc_column][\/vc_row]<\/p>\n<\/section>","protected":false},"excerpt":{"rendered":"<p>[vc_row][vc_column][vc_column_text css=&#8221;.vc_custom_1689838613456{margin-left: 10px !important;border-left-width: 10px !important;padding-left: 10px !important;}&#8221;] Ulusal ve uluslararas\u0131 alanda kabul g\u00f6rm\u00fc\u015f kalite, \u00e7evre ve i\u015f sa\u011fl\u0131\u011f\u0131 &#8211; g\u00fcvenli\u011fi standartlar\u0131 \u00e7er\u00e7evesinde; At\u0131klar\u0131 \u00e7evre kirlili\u011fini \u00f6nleyecek \u015fekilde i\u015fleme, depolamak, bertaraf etmek ve olabildi\u011fince geri d\u00f6n\u00fc\u015ft\u00fcrerek ekonomiye kazand\u0131rmak, Do\u011fal kaynaklar\u0131n ve enerjinin verimli kullan\u0131lmas\u0131n\u0131 sa\u011flamak, Y\u00fcr\u00fcrl\u00fckteki \u00e7evre ve i\u015f sa\u011fl\u0131\u011f\u0131-g\u00fcvenli\u011fi mevzuat\u0131na, m\u00fc\u015fteri beklentilerine ve ilgili [&hellip;]<\/p>\n","protected":false},"author":1,"featured_media":0,"parent":0,"menu_order":0,"comment_status":"closed","ping_status":"closed","template":"","meta":{"footnotes":""},"class_list":["post-2158","page","type-page","status-publish","hentry"],"_links":{"self":[{"href":"https:\/\/turas.com.tr\/index.php?rest_route=\/wp\/v2\/pages\/2158","targetHints":{"allow":["GET"]}}],"collection":[{"href":"https:\/\/turas.com.tr\/index.php?rest_route=\/wp\/v2\/pages"}],"about":[{"href":"https:\/\/turas.com.tr\/index.php?rest_route=\/wp\/v2\/types\/page"}],"author":[{"embeddable":true,"href":"https:\/\/turas.com.tr\/index.php?rest_route=\/wp\/v2\/users\/1"}],"replies":[{"embeddable":true,"href":"https:\/\/turas.com.tr\/index.php?rest_route=%2Fwp%2Fv2%2Fcomments&post=2158"}],"version-history":[{"count":9,"href":"https:\/\/turas.com.tr\/index.php?rest_route=\/wp\/v2\/pages\/2158\/revisions"}],"predecessor-version":[{"id":2790,"href":"https:\/\/turas.com.tr\/index.php?rest_route=\/wp\/v2\/pages\/2158\/revisions\/2790"}],"wp:attachment":[{"href":"https:\/\/turas.com.tr\/index.php?rest_route=%2Fwp%2Fv2%2Fmedia&parent=2158"}],"curies":[{"name":"wp","href":"https:\/\/api.w.org\/{rel}","templated":true}]}}