{"id":2161,"date":"2023-07-06T16:03:27","date_gmt":"2023-07-06T13:03:27","guid":{"rendered":"https:\/\/turas.com.tr\/?page_id=2161"},"modified":"2023-07-17T11:46:39","modified_gmt":"2023-07-17T08:46:39","slug":"vizyonumuz","status":"publish","type":"page","link":"https:\/\/turas.com.tr\/?page_id=2161","title":{"rendered":"Vizyonumuz"},"content":{"rendered":"<section class=\"wpb-content-wrapper\"><p><img loading=\"lazy\" decoding=\"async\" class=\"alignnone size-full wp-image-2721\" src=\"https:\/\/turas.com.tr\/wp-content\/uploads\/2023\/07\/vizyonumuz.png\" alt=\"\" width=\"696\" height=\"249\" srcset=\"https:\/\/turas.com.tr\/wp-content\/uploads\/2023\/07\/vizyonumuz.png 696w, https:\/\/turas.com.tr\/wp-content\/uploads\/2023\/07\/vizyonumuz-300x107.png 300w\" sizes=\"auto, (max-width: 696px) 100vw, 696px\" \/><\/p>\n<p>[vc_row][vc_column][vc_column_text]T\u00fcm faaliyetlerinde insan\u0131 en de\u011ferli varl\u0131\u011f\u0131 olarak kabul eder, daha g\u00fcvenli ve sa\u011fl\u0131kl\u0131 bir \u00e7al\u0131\u015fma ortam\u0131 olu\u015fturarak, olu\u015fabilecek her t\u00fcrl\u00fc kay\u0131plar\u0131 en aza indirmeyi \u00f6ncelikli i\u015f hedefi olarak benimser.<\/p>\n<p>Faaliyetleri s\u0131ras\u0131nda \u00e7evreye yapt\u0131\u011f\u0131 etkileri, ilgili mevzuat ve standartlar \u00e7er\u00e7evesinde tespit edip, meydana gelen kirlili\u011fin olumsuz etkilerinin giderilmesi i\u00e7in s\u00fcrekli geli\u015fmeyi g\u00fcvenceye alacak bir sistemi kurup belgelemeyi ve s\u00fcrd\u00fcrmeyi, bu sistem i\u00e7erisinde tespit edilecek ama\u00e7 ve hedefleri etkili y\u00f6ntemlerle g\u00f6zden ge\u00e7irmeyi, ilgili ki\u015fi ve kurumlara duyurmay\u0131 ve i\u015fbirli\u011fi yapmay\u0131, bunlar\u0131n ger\u00e7ekle\u015fmesini takip etmeyi ve \u00e7evre politikas\u0131 olarak kabul ve taahh\u00fct eder.[\/vc_column_text][\/vc_column][\/vc_row]<\/p>\n<\/section>","protected":false},"excerpt":{"rendered":"<p>[vc_row][vc_column][vc_column_text]T\u00fcm faaliyetlerinde insan\u0131 en de\u011ferli varl\u0131\u011f\u0131 olarak kabul eder, daha g\u00fcvenli ve sa\u011fl\u0131kl\u0131 bir \u00e7al\u0131\u015fma ortam\u0131 olu\u015fturarak, olu\u015fabilecek her t\u00fcrl\u00fc kay\u0131plar\u0131 en aza indirmeyi \u00f6ncelikli i\u015f hedefi olarak benimser. Faaliyetleri s\u0131ras\u0131nda \u00e7evreye yapt\u0131\u011f\u0131 etkileri, ilgili mevzuat ve standartlar \u00e7er\u00e7evesinde tespit edip, meydana gelen kirlili\u011fin olumsuz etkilerinin giderilmesi i\u00e7in s\u00fcrekli geli\u015fmeyi g\u00fcvenceye alacak bir sistemi kurup [&hellip;]<\/p>\n","protected":false},"author":1,"featured_media":0,"parent":0,"menu_order":0,"comment_status":"closed","ping_status":"closed","template":"","meta":{"footnotes":""},"class_list":["post-2161","page","type-page","status-publish","hentry"],"_links":{"self":[{"href":"https:\/\/turas.com.tr\/index.php?rest_route=\/wp\/v2\/pages\/2161","targetHints":{"allow":["GET"]}}],"collection":[{"href":"https:\/\/turas.com.tr\/index.php?rest_route=\/wp\/v2\/pages"}],"about":[{"href":"https:\/\/turas.com.tr\/index.php?rest_route=\/wp\/v2\/types\/page"}],"author":[{"embeddable":true,"href":"https:\/\/turas.com.tr\/index.php?rest_route=\/wp\/v2\/users\/1"}],"replies":[{"embeddable":true,"href":"https:\/\/turas.com.tr\/index.php?rest_route=%2Fwp%2Fv2%2Fcomments&post=2161"}],"version-history":[{"count":6,"href":"https:\/\/turas.com.tr\/index.php?rest_route=\/wp\/v2\/pages\/2161\/revisions"}],"predecessor-version":[{"id":2722,"href":"https:\/\/turas.com.tr\/index.php?rest_route=\/wp\/v2\/pages\/2161\/revisions\/2722"}],"wp:attachment":[{"href":"https:\/\/turas.com.tr\/index.php?rest_route=%2Fwp%2Fv2%2Fmedia&parent=2161"}],"curies":[{"name":"wp","href":"https:\/\/api.w.org\/{rel}","templated":true}]}}