{"id":2175,"date":"2023-07-06T16:10:04","date_gmt":"2023-07-06T13:10:04","guid":{"rendered":"https:\/\/turas.com.tr\/?page_id=2175"},"modified":"2023-07-14T15:06:10","modified_gmt":"2023-07-14T12:06:10","slug":"sarigerme-bolgesi","status":"publish","type":"page","link":"https:\/\/turas.com.tr\/?page_id=2175","title":{"rendered":"Sar\u0131germe B\u00f6lgesi"},"content":{"rendered":"<section class=\"wpb-content-wrapper\"><p>[vc_row][vc_column][vc_column_text]<\/p>\n<h2>Sar\u0131germe B\u00f6lgesi ATIKSU Fiyatlar\u0131<\/h2>\n<p>&nbsp;<\/p>\n<table class=\"wojo table\">\n<tbody>\n<tr>\n<td><b>Sar\u0131germe B\u00f6lgesi\u00a0\u0130\u015fletme T\u00fcr\u00fc<\/b><\/td>\n<td><b>Birim Fiyat<\/b><\/td>\n<td><b>KDV Oran\u0131<\/b><\/td>\n<\/tr>\n<tr>\n<td>Sar\u0131germe At\u0131ksu Bedeli<\/td>\n<td>&#8230;&#8230;..\u00a0<i class=\"lira icon\"><\/i><\/td>\n<td>%&#8230;..<\/td>\n<\/tr>\n<tr>\n<td>Sar\u0131germe Belediye\u00a0At\u0131ksu Bedeli<\/td>\n<td>&#8230;&#8230;..\u00a0<i class=\"lira icon\"><\/i><\/td>\n<td>%&#8230;&#8230;<\/td>\n<\/tr>\n<\/tbody>\n<\/table>\n<p>[\/vc_column_text][\/vc_column][\/vc_row]<\/p>\n<\/section>","protected":false},"excerpt":{"rendered":"<p>[vc_row][vc_column][vc_column_text] Sar\u0131germe B\u00f6lgesi ATIKSU Fiyatlar\u0131 &nbsp; Sar\u0131germe B\u00f6lgesi\u00a0\u0130\u015fletme T\u00fcr\u00fc Birim Fiyat KDV Oran\u0131 Sar\u0131germe At\u0131ksu Bedeli &#8230;&#8230;..\u00a0 %&#8230;.. Sar\u0131germe Belediye\u00a0At\u0131ksu Bedeli &#8230;&#8230;..\u00a0 %&#8230;&#8230; [\/vc_column_text][\/vc_column][\/vc_row]<\/p>\n","protected":false},"author":1,"featured_media":0,"parent":0,"menu_order":0,"comment_status":"closed","ping_status":"closed","template":"","meta":{"footnotes":""},"class_list":["post-2175","page","type-page","status-publish","hentry"],"_links":{"self":[{"href":"https:\/\/turas.com.tr\/index.php?rest_route=\/wp\/v2\/pages\/2175","targetHints":{"allow":["GET"]}}],"collection":[{"href":"https:\/\/turas.com.tr\/index.php?rest_route=\/wp\/v2\/pages"}],"about":[{"href":"https:\/\/turas.com.tr\/index.php?rest_route=\/wp\/v2\/types\/page"}],"author":[{"embeddable":true,"href":"https:\/\/turas.com.tr\/index.php?rest_route=\/wp\/v2\/users\/1"}],"replies":[{"embeddable":true,"href":"https:\/\/turas.com.tr\/index.php?rest_route=%2Fwp%2Fv2%2Fcomments&post=2175"}],"version-history":[{"count":3,"href":"https:\/\/turas.com.tr\/index.php?rest_route=\/wp\/v2\/pages\/2175\/revisions"}],"predecessor-version":[{"id":2610,"href":"https:\/\/turas.com.tr\/index.php?rest_route=\/wp\/v2\/pages\/2175\/revisions\/2610"}],"wp:attachment":[{"href":"https:\/\/turas.com.tr\/index.php?rest_route=%2Fwp%2Fv2%2Fmedia&parent=2175"}],"curies":[{"name":"wp","href":"https:\/\/api.w.org\/{rel}","templated":true}]}}