{"id":2187,"date":"2023-07-06T16:20:17","date_gmt":"2023-07-06T13:20:17","guid":{"rendered":"https:\/\/turas.com.tr\/?page_id=2187"},"modified":"2023-07-24T14:08:18","modified_gmt":"2023-07-24T11:08:18","slug":"sarigerme-aat","status":"publish","type":"page","link":"https:\/\/turas.com.tr\/?page_id=2187","title":{"rendered":"Sar\u0131germe AAT"},"content":{"rendered":"<section class=\"wpb-content-wrapper\"><p>[vc_row css=&#8221;.vc_custom_1689165074306{margin-top: 30px !important;}&#8221;][vc_column][vc_images_carousel images=&#8221;3147,3143,3130&#8243; img_size=&#8221;1145&#215;500&#8243;][vc_column_text]<b>SARIGERME ATIKSU ARITMA TES\u0130S\u0130<\/b><\/p>\n<p><b>Tesis Sorumlusu :<\/b><\/p>\n<p><b>Tesis Telefon \u00a0 \u00a0\u00a0:\u00a0<\/b>0252 286 81 62 &#8211;\u00a0<i class=\"mobile icon\"><\/i>\u00a00549 511 00 08 (7\/24)<\/p>\n<p><b>Tesis Faks \u00a0 \u00a0 \u00a0 \u00a0 \u00a0:<\/b>\u00a00252 286 84 20<\/p>\n<p><b>Tesis Adresi \u00a0 \u00a0 \u00a0\u00a0 :\u00a0<\/b>Pegasus Otel Yolu \u00dczeri No:384 Ortaca\/Sar\u0131germe<\/p>\n<p><b>Tesis Niteli\u011fi \u00a0 \u00a0 \u00a0\u00a0:<\/b>\u00a0Evsel At\u0131ksu<\/p>\n<p><b>Tesis Kapasitesi :<\/b>\u00a09.900 m\u00b3\/g\u00fcn (25.000 N\u00fcfusa e\u015fde\u011fer)<\/p>\n<p><b>Ar\u0131t\u0131m Sistemi \u00a0 \u00a0\u00a0:<\/b>\u00a0Uzun Havaland\u0131rmal\u0131 Aktif \u00c7amur Sistemi<\/p>\n<p><b>Faaliyet Konusu<\/b><\/p>\n<p>Sar\u0131germe Turizm Merkezindeki 7.000 yatak ile birlikte Sargerme K\u00f6y\u00fc yerle\u015fim yerine, k\u00f6y i\u00e7indeki otel, motel ve pansiyonlara su ve at\u0131ksu hizmeti verilmektedir. 1994 y\u0131l\u0131nda faaliyete ge\u00e7en Sar\u0131germe At\u0131ksu Ar\u0131tma Tesisinin kapasitesi 4.500 m\u00b3\/g\u00fcn, E\u015fde\u011fer N\u00fcfus 22.500&#8217;d\u00fcr.<\/p>\n<p><b>\u00a0Kanalizasyon ve Terfi Hatt\u0131 Merkezi<\/b><\/p>\n<p>At\u0131ksular 3 terfi merkezi ile toplanarak at\u0131ksu ar\u0131tma tesislerine iletilmektedir. Kanalizasyon ve terfi hatlar\u0131n\u0131n toplan uzunlu\u011fu 6 km civar\u0131ndad\u0131r.<\/p>\n<p><b>Sar\u0131germe At\u0131ksu Ar\u0131tma Tesisi \u00dcniteleri<\/b><\/p>\n<p>&#8211; Kaba ve Izgara<\/p>\n<p>&#8211; Havaland\u0131rmal\u0131 Kum ve Ya\u011f Tutucu<\/p>\n<p>&#8211; Parshal Sava\u011f\u0131 (At\u0131ksu \u00d6l\u00e7\u00fcm\u00fc)<\/p>\n<p>&#8211; Da\u011f\u0131t\u0131m Yap\u0131s\u0131<\/p>\n<p>&#8211; Koku Giderme \u00dcnitesi<\/p>\n<p>&#8211; Kimyasal Madde Dozlama \u00dcniteleri<\/p>\n<p>&#8211; Kum Ay\u0131rma Helezonu<\/p>\n<p>&#8211; Biyolojik Ar\u0131tma \u00dcniteleri, (Nitrifikasyon-Denitrifikasyon)<\/p>\n<p>&#8211; \u00c7\u00f6kertme Havuzlar\u0131<\/p>\n<p>&#8211; \u00c7amur Yo\u011funla\u015ft\u0131rma Havuzlar\u0131,<\/p>\n<p>&#8211; \u00c7amur Susuzla\u015ft\u0131rma Ekipmanlar\u0131<\/p>\n<p>&#8211; Klorlama \u00dcnitesi<\/p>\n<p>&#8211; Bas\u0131n\u00e7l\u0131 Kum Filtreleri ve De\u015farj Sistemi[\/vc_column_text][\/vc_column][\/vc_row][vc_row][vc_column][vc_media_grid element_width=&#8221;3&#8243; grid_id=&#8221;vc_gid:1690196772385-f230c6e3-3165-10&#8243; include=&#8221;3147,3135,3134,3145,3146,3144,3143,3142,3141,3139,3138,3137,3136,3128,3130,3131&#8243;][\/vc_column][\/vc_row]<\/p>\n<\/section>","protected":false},"excerpt":{"rendered":"<p>[vc_row css=&#8221;.vc_custom_1689165074306{margin-top: 30px !important;}&#8221;][vc_column][vc_images_carousel images=&#8221;3147,3143,3130&#8243; img_size=&#8221;1145&#215;500&#8243;][vc_column_text]SARIGERME ATIKSU ARITMA TES\u0130S\u0130 Tesis Sorumlusu : Tesis Telefon \u00a0 \u00a0\u00a0:\u00a00252 286 81 62 &#8211;\u00a0\u00a00549 511 00 08 (7\/24) Tesis Faks \u00a0 \u00a0 \u00a0 \u00a0 \u00a0:\u00a00252 286 84 20 Tesis Adresi \u00a0 \u00a0 \u00a0\u00a0 :\u00a0Pegasus Otel Yolu \u00dczeri No:384 Ortaca\/Sar\u0131germe Tesis Niteli\u011fi \u00a0 \u00a0 \u00a0\u00a0:\u00a0Evsel At\u0131ksu Tesis Kapasitesi :\u00a09.900 m\u00b3\/g\u00fcn [&hellip;]<\/p>\n","protected":false},"author":1,"featured_media":0,"parent":0,"menu_order":0,"comment_status":"closed","ping_status":"closed","template":"","meta":{"footnotes":""},"class_list":["post-2187","page","type-page","status-publish","hentry"],"_links":{"self":[{"href":"https:\/\/turas.com.tr\/index.php?rest_route=\/wp\/v2\/pages\/2187","targetHints":{"allow":["GET"]}}],"collection":[{"href":"https:\/\/turas.com.tr\/index.php?rest_route=\/wp\/v2\/pages"}],"about":[{"href":"https:\/\/turas.com.tr\/index.php?rest_route=\/wp\/v2\/types\/page"}],"author":[{"embeddable":true,"href":"https:\/\/turas.com.tr\/index.php?rest_route=\/wp\/v2\/users\/1"}],"replies":[{"embeddable":true,"href":"https:\/\/turas.com.tr\/index.php?rest_route=%2Fwp%2Fv2%2Fcomments&post=2187"}],"version-history":[{"count":4,"href":"https:\/\/turas.com.tr\/index.php?rest_route=\/wp\/v2\/pages\/2187\/revisions"}],"predecessor-version":[{"id":3150,"href":"https:\/\/turas.com.tr\/index.php?rest_route=\/wp\/v2\/pages\/2187\/revisions\/3150"}],"wp:attachment":[{"href":"https:\/\/turas.com.tr\/index.php?rest_route=%2Fwp%2Fv2%2Fmedia&parent=2187"}],"curies":[{"name":"wp","href":"https:\/\/api.w.org\/{rel}","templated":true}]}}