{"id":2357,"date":"2023-07-11T15:52:24","date_gmt":"2023-07-11T12:52:24","guid":{"rendered":"https:\/\/turas.com.tr\/?page_id=2357"},"modified":"2023-11-20T15:21:07","modified_gmt":"2023-11-20T12:21:07","slug":"cam-yuva-halk-plaji","status":"publish","type":"page","link":"https:\/\/turas.com.tr\/?page_id=2357","title":{"rendered":"\u00c7am Yuva Halk Plaj\u0131"},"content":{"rendered":"<section class=\"wpb-content-wrapper\"><p>[vc_row css=&#8221;.vc_custom_1689162804450{margin-top: 30px !important;}&#8221;][vc_column][vc_images_carousel images=&#8221;2566,2567,2568,2569,2570,2571,2572&#8243; img_size=&#8221;1145&#215;500&#8243;][\/vc_column][\/vc_row][vc_row][vc_column][vc_column_text][\/vc_column_text][\/vc_column][\/vc_row][vc_row][vc_column width=&#8221;1\/4&#8243;][vc_single_image image=&#8221;2614&#8243; img_size=&#8221;250&#215;250&#8243;][vc_custom_heading text=&#8221;\u00dccretsiz Ki\u015fi Giri\u015fi&#8221; font_container=&#8221;tag:h5|text_align:center&#8221; google_fonts=&#8221;font_family:Ubuntu%3A300%2C300italic%2Cregular%2Citalic%2C500%2C500italic%2C700%2C700italic|font_style:400%20regular%3A400%3Anormal&#8221;][vc_column_text]<\/p>\n<p style=\"text-align: center;\">T\u00fcm plajlar\u0131m\u0131zda Ki\u015filerin giri\u015flerinden \u00fccret al\u0131nmamaktad\u0131r.<\/p>\n<p>[\/vc_column_text][vc_single_image image=&#8221;2618&#8243; img_size=&#8221;250&#215;250&#8243;][vc_custom_heading text=&#8221;Otopark&#8221; font_container=&#8221;tag:h5|text_align:center&#8221; google_fonts=&#8221;font_family:Ubuntu%3A300%2C300italic%2Cregular%2Citalic%2C500%2C500italic%2C700%2C700italic|font_style:400%20regular%3A400%3Anormal&#8221;][vc_column_text]<\/p>\n<p style=\"text-align: center;\">7\/24 G\u00fcvenlik kameralar\u0131 ile takip edilen otoparklar.<\/p>\n<p>[\/vc_column_text][\/vc_column][vc_column width=&#8221;1\/4&#8243;][vc_single_image image=&#8221;2615&#8243; img_size=&#8221;250&#215;250&#8243;][vc_custom_heading text=&#8221;Uygun Fiyatlar&#8221; font_container=&#8221;tag:h5|text_align:center&#8221; google_fonts=&#8221;font_family:Ubuntu%3A300%2C300italic%2Cregular%2Citalic%2C500%2C500italic%2C700%2C700italic|font_style:400%20regular%3A400%3Anormal&#8221;][vc_column_text]<\/p>\n<p style=\"text-align: center;\">Uygun fiyatlar ile sizlere en kaliteli leziz \u00fcr\u00fcnleri sunar\u0131z<\/p>\n<p>[\/vc_column_text][vc_single_image image=&#8221;2619&#8243; img_size=&#8221;250&#215;250&#8243;][vc_custom_heading text=&#8221;Spor Alanlar\u0131&#8221; font_container=&#8221;tag:h5|text_align:center&#8221; google_fonts=&#8221;font_family:Ubuntu%3A300%2C300italic%2Cregular%2Citalic%2C500%2C500italic%2C700%2C700italic|font_style:400%20regular%3A400%3Anormal&#8221;][vc_column_text]<\/p>\n<p style=\"text-align: center;\">Vatanda\u015flar\u0131m\u0131z\u0131n kullan\u0131m\u0131na sunulan spor alanlar\u0131<\/p>\n<p>[\/vc_column_text][\/vc_column][vc_column width=&#8221;1\/4&#8243;][vc_single_image image=&#8221;2616&#8243; img_size=&#8221;250&#215;250&#8243;][vc_custom_heading text=&#8221;Temiz Sahiller&#8221; font_container=&#8221;tag:h5|text_align:center&#8221; google_fonts=&#8221;font_family:Ubuntu%3A300%2C300italic%2Cregular%2Citalic%2C500%2C500italic%2C700%2C700italic|font_style:400%20regular%3A400%3Anormal&#8221;][vc_column_text]<\/p>\n<p style=\"text-align: center;\">Sizler\u00a0 gelmeden \u00f6nce her sabah sizin i\u00e7in sahiller d\u00fczenlenir temizlenir.<\/p>\n<p>[\/vc_column_text][vc_single_image image=&#8221;2620&#8243; img_size=&#8221;250&#215;250&#8243;][vc_custom_heading text=&#8221;Restoran &amp; Pastahane&#8221; font_container=&#8221;tag:h5|text_align:center&#8221; google_fonts=&#8221;font_family:Ubuntu%3A300%2C300italic%2Cregular%2Citalic%2C500%2C500italic%2C700%2C700italic|font_style:400%20regular%3A400%3Anormal&#8221;][vc_column_text]<\/p>\n<p style=\"text-align: center;\">Self Servis olarak hizmet veren restoranlar\u0131m\u0131zda en kaliteli \u00fcr\u00fcnler.<\/p>\n<p>[\/vc_column_text][\/vc_column][vc_column width=&#8221;1\/4&#8243;][vc_single_image image=&#8221;2617&#8243; img_size=&#8221;250&#215;250&#8243;][vc_custom_heading text=&#8221;Engelli Dostu&#8221; font_container=&#8221;tag:h5|text_align:center&#8221; google_fonts=&#8221;font_family:Ubuntu%3A300%2C300italic%2Cregular%2Citalic%2C500%2C500italic%2C700%2C700italic|font_style:400%20regular%3A400%3Anormal&#8221;][vc_column_text]<\/p>\n<p style=\"text-align: center;\">Halk plajlar\u0131m\u0131z engelli dostlar\u0131m\u0131z\u0131n kullan\u0131m\u0131 i\u00e7in tasarlanm\u0131\u015ft\u0131r.<\/p>\n<p>[\/vc_column_text][vc_single_image image=&#8221;2621&#8243; img_size=&#8221;250&#215;250&#8243;][vc_custom_heading text=&#8221;Alkols\u00fcz Tesisler&#8221; font_container=&#8221;tag:h5|text_align:center&#8221; google_fonts=&#8221;font_family:Ubuntu%3A300%2C300italic%2Cregular%2Citalic%2C500%2C500italic%2C700%2C700italic|font_style:400%20regular%3A400%3Anormal&#8221;][vc_column_text]<\/p>\n<p style=\"text-align: center;\">Plajlar\u0131m\u0131zda alkol sat\u0131\u015f\u0131 yap\u0131lmamaktad\u0131r.<\/p>\n<p>[\/vc_column_text][\/vc_column][\/vc_row][vc_row css=&#8221;.vc_custom_1689665252410{background-color: #ffffff !important;}&#8221;][vc_column width=&#8221;1\/2&#8243;][vc_column_text]<\/p>\n<p><span style=\"color: #000000;\"><b>Tesis Sorumlusu\u00a0\u00a0 :\u00a0<\/b><\/span><\/p>\n<p><span style=\"color: #000000;\"><b>Tesis Telefon\u00a0 \u00a0 \u00a0 \u00a0<\/b><b>\u00a0\u00a0:\u00a0<\/b>0537 265 08 16<\/span><\/p>\n<p><span style=\"color: #000000;\"><b>Tesis Eposta \u00a0 \u00a0 \u00a0 \u00a0 \u00a0: <\/b>kemer@turas.com.tr<\/span><\/p>\n<p><span style=\"color: #000000;\"><b>Tesis Adresi\u00a0 \u00a0 \u00a0 \u00a0 \u00a0\u00a0:\u00a0<\/b>\u00a0\u00c7amyuva Mahallesi, A\u011fa Ceylan Caddesi No:16\/2, 07990 Kemer\/ANTALYA<\/span><\/p>\n<p><span style=\"color: #000000;\"><b>Tesis Niteli\u011fi\u00a0 \u00a0 \u00a0 \u00a0\u00a0\u00a0:<\/b>\u00a0G\u00fcn\u00fcbirlik Halk Plaj\u0131<\/span><\/p>\n<p><span style=\"color: #000000;\"><b>Tesis Kapasitesi\u00a0 \u00a0:<\/b>\u00a04000<\/span><\/p>\n<p><span style=\"color: #000000;\"><b>Tesis Otopark\u00a0 \u00a0\u00a0<\/b><b>\u00a0 :\u00a0<\/b>80 Ara\u00e7<\/span><\/p>\n<p><span style=\"color: #000000;\"><b>Tesis Bilgi\u00a0 \u00a0 \u00a0 \u00a0 \u00a0\u00a0 \u00a0\u00a0:\u00a0<\/b>Restoran, Pastahane, Dinlence Alanlar\u0131,Tuvaletler, Du\u015fluklar, Spor Alanlar\u0131,Erkek Kad\u0131n Mescid, \u00c7ocuk Park\u0131<\/span><\/p>\n<p><span style=\"color: #000000;\">Kemer\u2019den bat\u0131ya do\u011fru yakla\u015f\u0131k 7,5 km. mesafede bulunan \u00c7amyuva, muhte\u015fem do\u011fal g\u00fczellikleri, yakla\u015f\u0131k 3 km.lik kumsal\u0131, plaj\u0131, denizi ve kaliteli otelleri ve tatil merkezleri ile Antalya Kemer\u2019in en pop\u00fcler tatil beldelerinden birisi konumunda.\u00a0<\/span>[\/vc_column_text][\/vc_column][vc_column width=&#8221;1\/2&#8243;][vc_column_text]<\/p>\n<p><span style=\"color: #000000;\">\u00c7amyuva\u2019da tatil k\u00f6yleri \u00e7am a\u011fa\u00e7lar\u0131yla deniz aras\u0131nda olduk\u00e7a kontroll\u00fc bir \u015fekilde yerle\u015fmi\u015f durumda. D\u0131\u015far\u0131dan bak\u0131ld\u0131\u011f\u0131nda a\u011fa\u00e7lardan dolay\u0131 \u00e7o\u011fu tesisi neredeyse g\u00f6remiyorsunuz.<\/span><\/p>\n<p><iframe loading=\"lazy\" title=\"YouTube video player\" src=\"https:\/\/www.youtube.com\/embed\/oe_kmwcO1ag\" width=\"560\" height=\"315\" frameborder=\"0\" allowfullscreen=\"allowfullscreen\"><\/iframe>[\/vc_column_text][\/vc_column][\/vc_row][vc_row][vc_column][vc_media_grid element_width=&#8221;3&#8243; gap=&#8221;15&#8243; grid_id=&#8221;vc_gid:1700482837149-89aebf5d-c44f-7&#8243; include=&#8221;2761,2762,2763,2764,2765,2766,2767,2768,2769,2770,2771&#8243; css=&#8221;.vc_custom_1690185910300{margin-top: 15px !important;}&#8221;][\/vc_column][\/vc_row][vc_row][vc_column][vc_column_text]<iframe loading=\"lazy\" style=\"border: 0;\" src=\"https:\/\/www.google.com\/maps\/embed?pb=!1m18!1m12!1m3!1d3204.861516742687!2d30.566959575116975!3d36.557451881346985!2m3!1f0!2f0!3f0!3m2!1i1024!2i768!4f13.1!3m3!1m2!1s0x14c3b7f6020787a5%3A0xb2fe1cc9a281d1bb!2zVC5DLiBLw7xsdMO8ciBWZSBUdXJpem0gQmFrYW5sxLHEn8SxIFR1cmHFnyDDh2FteXV2YSBIYWxrIFBsYWrEsQ!5e0!3m2!1str!2str!4v1689080057386!5m2!1str!2str\" width=\"1200\" height=\"500\" allowfullscreen=\"allowfullscreen\"><\/iframe>[\/vc_column_text][\/vc_column][\/vc_row]<\/p>\n<\/section>","protected":false},"excerpt":{"rendered":"<p>[vc_row css=&#8221;.vc_custom_1689162804450{margin-top: 30px !important;}&#8221;][vc_column][vc_images_carousel images=&#8221;2566,2567,2568,2569,2570,2571,2572&#8243; img_size=&#8221;1145&#215;500&#8243;][\/vc_column][\/vc_row][vc_row][vc_column][vc_column_text][\/vc_column_text][\/vc_column][\/vc_row][vc_row][vc_column width=&#8221;1\/4&#8243;][vc_single_image image=&#8221;2614&#8243; img_size=&#8221;250&#215;250&#8243;][vc_custom_heading text=&#8221;\u00dccretsiz Ki\u015fi Giri\u015fi&#8221; font_container=&#8221;tag:h5|text_align:center&#8221; google_fonts=&#8221;font_family:Ubuntu%3A300%2C300italic%2Cregular%2Citalic%2C500%2C500italic%2C700%2C700italic|font_style:400%20regular%3A400%3Anormal&#8221;][vc_column_text] T\u00fcm plajlar\u0131m\u0131zda Ki\u015filerin giri\u015flerinden \u00fccret al\u0131nmamaktad\u0131r. [\/vc_column_text][vc_single_image image=&#8221;2618&#8243; img_size=&#8221;250&#215;250&#8243;][vc_custom_heading text=&#8221;Otopark&#8221; font_container=&#8221;tag:h5|text_align:center&#8221; google_fonts=&#8221;font_family:Ubuntu%3A300%2C300italic%2Cregular%2Citalic%2C500%2C500italic%2C700%2C700italic|font_style:400%20regular%3A400%3Anormal&#8221;][vc_column_text] 7\/24 G\u00fcvenlik kameralar\u0131 ile takip edilen otoparklar. [\/vc_column_text][\/vc_column][vc_column width=&#8221;1\/4&#8243;][vc_single_image image=&#8221;2615&#8243; img_size=&#8221;250&#215;250&#8243;][vc_custom_heading text=&#8221;Uygun Fiyatlar&#8221; font_container=&#8221;tag:h5|text_align:center&#8221; google_fonts=&#8221;font_family:Ubuntu%3A300%2C300italic%2Cregular%2Citalic%2C500%2C500italic%2C700%2C700italic|font_style:400%20regular%3A400%3Anormal&#8221;][vc_column_text] Uygun fiyatlar ile sizlere en kaliteli leziz \u00fcr\u00fcnleri sunar\u0131z [\/vc_column_text][vc_single_image image=&#8221;2619&#8243; img_size=&#8221;250&#215;250&#8243;][vc_custom_heading text=&#8221;Spor Alanlar\u0131&#8221; [&hellip;]<\/p>\n","protected":false},"author":1,"featured_media":0,"parent":0,"menu_order":0,"comment_status":"closed","ping_status":"closed","template":"","meta":{"footnotes":""},"class_list":["post-2357","page","type-page","status-publish","hentry"],"_links":{"self":[{"href":"https:\/\/turas.com.tr\/index.php?rest_route=\/wp\/v2\/pages\/2357","targetHints":{"allow":["GET"]}}],"collection":[{"href":"https:\/\/turas.com.tr\/index.php?rest_route=\/wp\/v2\/pages"}],"about":[{"href":"https:\/\/turas.com.tr\/index.php?rest_route=\/wp\/v2\/types\/page"}],"author":[{"embeddable":true,"href":"https:\/\/turas.com.tr\/index.php?rest_route=\/wp\/v2\/users\/1"}],"replies":[{"embeddable":true,"href":"https:\/\/turas.com.tr\/index.php?rest_route=%2Fwp%2Fv2%2Fcomments&post=2357"}],"version-history":[{"count":15,"href":"https:\/\/turas.com.tr\/index.php?rest_route=\/wp\/v2\/pages\/2357\/revisions"}],"predecessor-version":[{"id":3199,"href":"https:\/\/turas.com.tr\/index.php?rest_route=\/wp\/v2\/pages\/2357\/revisions\/3199"}],"wp:attachment":[{"href":"https:\/\/turas.com.tr\/index.php?rest_route=%2Fwp%2Fv2%2Fmedia&parent=2357"}],"curies":[{"name":"wp","href":"https:\/\/api.w.org\/{rel}","templated":true}]}}