{"id":2372,"date":"2023-07-11T16:14:59","date_gmt":"2023-07-11T13:14:59","guid":{"rendered":"https:\/\/turas.com.tr\/?page_id=2372"},"modified":"2023-11-20T15:22:14","modified_gmt":"2023-11-20T12:22:14","slug":"kadriye-halk-plaji","status":"publish","type":"page","link":"https:\/\/turas.com.tr\/?page_id=2372","title":{"rendered":"Kadriye Halk Plaj\u0131"},"content":{"rendered":"<section class=\"wpb-content-wrapper\"><p>[vc_row css=&#8221;.vc_custom_1689162215973{margin-top: 30px !important;}&#8221;][vc_column][vc_images_carousel images=&#8221;2434,2433,2430,2431,2432,2429,2435&#8243; img_size=&#8221;1145&#215;500&#8243; speed=&#8221;500&#8243; css_animation=&#8221;bounceInDown&#8221;][\/vc_column][\/vc_row][vc_row][vc_column width=&#8221;1\/4&#8243;][vc_single_image image=&#8221;2614&#8243; img_size=&#8221;250&#215;250&#8243;][vc_custom_heading text=&#8221;\u00dccretsiz Ki\u015fi Giri\u015fi&#8221; font_container=&#8221;tag:h5|text_align:center&#8221; google_fonts=&#8221;font_family:Ubuntu%3A300%2C300italic%2Cregular%2Citalic%2C500%2C500italic%2C700%2C700italic|font_style:400%20regular%3A400%3Anormal&#8221;][vc_column_text]<\/p>\n<p style=\"text-align: center;\">T\u00fcm plajlar\u0131m\u0131zda Ki\u015filerin giri\u015flerinden \u00fccret al\u0131nmamaktad\u0131r.<\/p>\n<p>[\/vc_column_text][vc_single_image image=&#8221;2618&#8243; img_size=&#8221;250&#215;250&#8243;][vc_custom_heading text=&#8221;Otopark&#8221; font_container=&#8221;tag:h5|text_align:center&#8221; google_fonts=&#8221;font_family:Ubuntu%3A300%2C300italic%2Cregular%2Citalic%2C500%2C500italic%2C700%2C700italic|font_style:400%20regular%3A400%3Anormal&#8221;][vc_column_text]<\/p>\n<p style=\"text-align: center;\">7\/24 G\u00fcvenlik kameralar\u0131 ile takip edilen otoparklar.<\/p>\n<p>[\/vc_column_text][\/vc_column][vc_column width=&#8221;1\/4&#8243;][vc_single_image image=&#8221;2615&#8243; img_size=&#8221;250&#215;250&#8243;][vc_custom_heading text=&#8221;Uygun Fiyatlar&#8221; font_container=&#8221;tag:h5|text_align:center&#8221; google_fonts=&#8221;font_family:Ubuntu%3A300%2C300italic%2Cregular%2Citalic%2C500%2C500italic%2C700%2C700italic|font_style:400%20regular%3A400%3Anormal&#8221;][vc_column_text]<\/p>\n<p style=\"text-align: center;\">Uygun fiyatlar ile sizlere en kaliteli leziz \u00fcr\u00fcnleri sunar\u0131z<\/p>\n<p>[\/vc_column_text][vc_single_image image=&#8221;2619&#8243; img_size=&#8221;250&#215;250&#8243;][vc_custom_heading text=&#8221;Spor Alanlar\u0131&#8221; font_container=&#8221;tag:h5|text_align:center&#8221; google_fonts=&#8221;font_family:Ubuntu%3A300%2C300italic%2Cregular%2Citalic%2C500%2C500italic%2C700%2C700italic|font_style:400%20regular%3A400%3Anormal&#8221;][vc_column_text]<\/p>\n<p style=\"text-align: center;\">Vatanda\u015flar\u0131m\u0131z\u0131n kullan\u0131m\u0131na sunulan spor alanlar\u0131<\/p>\n<p>[\/vc_column_text][\/vc_column][vc_column width=&#8221;1\/4&#8243;][vc_single_image image=&#8221;2616&#8243; img_size=&#8221;250&#215;250&#8243;][vc_custom_heading text=&#8221;Temiz Sahiller&#8221; font_container=&#8221;tag:h5|text_align:center&#8221; google_fonts=&#8221;font_family:Ubuntu%3A300%2C300italic%2Cregular%2Citalic%2C500%2C500italic%2C700%2C700italic|font_style:400%20regular%3A400%3Anormal&#8221;][vc_column_text]<\/p>\n<p style=\"text-align: center;\">Sizler\u00a0 gelmeden \u00f6nce her sabah sizin i\u00e7in sahiller d\u00fczenlenir temizlenir.<\/p>\n<p>[\/vc_column_text][vc_single_image image=&#8221;2620&#8243; img_size=&#8221;250&#215;250&#8243;][vc_custom_heading text=&#8221;Restoran &amp; Pastahane&#8221; font_container=&#8221;tag:h5|text_align:center&#8221; google_fonts=&#8221;font_family:Ubuntu%3A300%2C300italic%2Cregular%2Citalic%2C500%2C500italic%2C700%2C700italic|font_style:400%20regular%3A400%3Anormal&#8221;][vc_column_text]<\/p>\n<p style=\"text-align: center;\">Self Servis olarak hizmet veren restoranlar\u0131m\u0131zda en kaliteli \u00fcr\u00fcnler.<\/p>\n<p>[\/vc_column_text][\/vc_column][vc_column width=&#8221;1\/4&#8243;][vc_single_image image=&#8221;2617&#8243; img_size=&#8221;250&#215;250&#8243;][vc_custom_heading text=&#8221;Engelli Dostu&#8221; font_container=&#8221;tag:h5|text_align:center&#8221; google_fonts=&#8221;font_family:Ubuntu%3A300%2C300italic%2Cregular%2Citalic%2C500%2C500italic%2C700%2C700italic|font_style:400%20regular%3A400%3Anormal&#8221;][vc_column_text]<\/p>\n<p style=\"text-align: center;\">Halk plajlar\u0131m\u0131z engelli dostlar\u0131m\u0131z\u0131n kullan\u0131m\u0131 i\u00e7in tasarlanm\u0131\u015ft\u0131r.<\/p>\n<p>[\/vc_column_text][vc_single_image image=&#8221;2621&#8243; img_size=&#8221;250&#215;250&#8243;][vc_custom_heading text=&#8221;Alkols\u00fcz Tesisler&#8221; font_container=&#8221;tag:h5|text_align:center&#8221; google_fonts=&#8221;font_family:Ubuntu%3A300%2C300italic%2Cregular%2Citalic%2C500%2C500italic%2C700%2C700italic|font_style:400%20regular%3A400%3Anormal&#8221;][vc_column_text]<\/p>\n<p style=\"text-align: center;\">Plajlar\u0131m\u0131zda alkol sat\u0131\u015f\u0131 yap\u0131lmamaktad\u0131r.<\/p>\n<p>[\/vc_column_text][\/vc_column][\/vc_row][vc_row css=&#8221;.vc_custom_1689584403786{background-color: #ffffff !important;}&#8221;][vc_column width=&#8221;1\/2&#8243;][vc_column_text]<\/p>\n<p><b>Tesis Sorumlusu\u00a0\u00a0 :<\/b><\/p>\n<p><b>Tesis Telefon\u00a0 \u00a0\u00a0\u00a0\u00a0\u00a0 \u00a0:\u00a0<\/b>0537 265 08 53<\/p>\n<p><b>Tesis Eposta \u00a0 \u00a0 \u00a0 \u00a0 \u00a0:\u00a0<\/b>kadriye@turas.com.tr<\/p>\n<p><b>Tesis Adresi\u00a0 \u00a0 \u00a0 \u00a0\u00a0\u00a0 :\u00a0<\/b>Kadriye Mahallesi \u00c7aml\u0131k Sokak No 8 Serik \/ ANTALYA<\/p>\n<p><b>Tesis Niteli\u011fi\u00a0 \u00a0 \u00a0 \u00a0\u00a0\u00a0:<\/b>\u00a0G\u00fcn\u00fcbirlik Halk Plaj\u0131<\/p>\n<p><b>Tesis Kapasitesi\u00a0 \u00a0:<\/b>\u00a08000<\/p>\n<p><b>Tesis Otopark\u00a0 \u00a0 \u00a0\u00a0 : 450 Ara\u00e7<\/b><\/p>\n<p><b>Tesis Bilgi\u00a0 \u00a0 \u00a0 \u00a0\u00a0\u00a0 \u00a0\u00a0\u00a0:\u00a0<\/b>Restoran, Pastahane, Dinlence Alanlar\u0131, E\u011flence Alanlar\u0131, Tuvaletler, Du\u015fluklar, Spor Alanlar\u0131,\u00a0Hediyelik E\u015fya D\u00fckkanlar\u0131, K\u00fct\u00fcphane, Erkek Kad\u0131n Mescid, \u00c7ocuk Park\u0131,<\/p>\n<p><b>Co\u011frafya<\/b><\/p>\n<p>Kadriye beldesi; Serik il\u00e7e merkezine 15, Antalya il merkezine 33 km mesafededir.[\/vc_column_text][\/vc_column][vc_column width=&#8221;1\/2&#8243;][vc_column_text]<\/p>\n<p><b>Tarih\u00e7e<\/b><\/p>\n<p>\u0130smini Girit&#8217;ten (Heraklion) Kandiye&#8217;den alm\u0131\u015ft\u0131r. Daha \u00f6nceleri &#8220;Akk\u0131nlar&#8221; ad\u0131nda k\u00f6y iken, 16 Kas\u0131m 1992 tarihinde &#8220;Kadriye&#8221; ad\u0131yla belediye stat\u00fcs\u00fc alarak beldeye d\u00f6n\u00fc\u015ft\u00fc.12 Kas\u0131m 2012&#8217;de TBMM&#8217;de kabul edilen 6360 say\u0131l\u0131 kanun ile mahalle oldu.<\/p>\n<p><iframe loading=\"lazy\" title=\"YouTube video player\" src=\"https:\/\/www.youtube.com\/embed\/-Y0-qyIBjvI\" width=\"560\" height=\"315\" frameborder=\"0\" allowfullscreen=\"allowfullscreen\"><\/iframe>[\/vc_column_text][\/vc_column][\/vc_row][vc_row][vc_column width=&#8221;1\/4&#8243;][\/vc_column][vc_column width=&#8221;1\/4&#8243;][\/vc_column][vc_column width=&#8221;1\/4&#8243;][\/vc_column][vc_column width=&#8221;1\/4&#8243;][\/vc_column][\/vc_row][vc_row][vc_column][vc_media_grid element_width=&#8221;3&#8243; gap=&#8221;10&#8243; grid_id=&#8221;vc_gid:1700482909472-fc1f7bec-007a-2&#8243; include=&#8221;2436,2437,2438,2439,2440,2441,2442,2443,2444,2445,2446,2447,2448,2449,2450,2451,2452,2453,2454,2455&#8243;][\/vc_column][\/vc_row][vc_row][vc_column][vc_column_text]<iframe loading=\"lazy\" style=\"border: 0;\" src=\"https:\/\/www.google.com\/maps\/embed?pb=!1m18!1m12!1m3!1d3192.366444986831!2d31.004270475131868!3d36.85764666446038!2m3!1f0!2f0!3f0!3m2!1i1024!2i768!4f13.1!3m3!1m2!1s0x14c37bfbd0c2c753%3A0xdd536333e8417874!2sKadriye%20beach%20su%20sporlari!5e0!3m2!1str!2str!4v1689081350045!5m2!1str!2str\" width=\"1200\" height=\"500\" allowfullscreen=\"allowfullscreen\"><\/iframe>[\/vc_column_text][\/vc_column][\/vc_row]<\/p>\n<\/section>","protected":false},"excerpt":{"rendered":"<p>[vc_row css=&#8221;.vc_custom_1689162215973{margin-top: 30px !important;}&#8221;][vc_column][vc_images_carousel images=&#8221;2434,2433,2430,2431,2432,2429,2435&#8243; img_size=&#8221;1145&#215;500&#8243; speed=&#8221;500&#8243; css_animation=&#8221;bounceInDown&#8221;][\/vc_column][\/vc_row][vc_row][vc_column width=&#8221;1\/4&#8243;][vc_single_image image=&#8221;2614&#8243; img_size=&#8221;250&#215;250&#8243;][vc_custom_heading text=&#8221;\u00dccretsiz Ki\u015fi Giri\u015fi&#8221; font_container=&#8221;tag:h5|text_align:center&#8221; google_fonts=&#8221;font_family:Ubuntu%3A300%2C300italic%2Cregular%2Citalic%2C500%2C500italic%2C700%2C700italic|font_style:400%20regular%3A400%3Anormal&#8221;][vc_column_text] T\u00fcm plajlar\u0131m\u0131zda Ki\u015filerin giri\u015flerinden \u00fccret al\u0131nmamaktad\u0131r. [\/vc_column_text][vc_single_image image=&#8221;2618&#8243; img_size=&#8221;250&#215;250&#8243;][vc_custom_heading text=&#8221;Otopark&#8221; font_container=&#8221;tag:h5|text_align:center&#8221; google_fonts=&#8221;font_family:Ubuntu%3A300%2C300italic%2Cregular%2Citalic%2C500%2C500italic%2C700%2C700italic|font_style:400%20regular%3A400%3Anormal&#8221;][vc_column_text] 7\/24 G\u00fcvenlik kameralar\u0131 ile takip edilen otoparklar. [\/vc_column_text][\/vc_column][vc_column width=&#8221;1\/4&#8243;][vc_single_image image=&#8221;2615&#8243; img_size=&#8221;250&#215;250&#8243;][vc_custom_heading text=&#8221;Uygun Fiyatlar&#8221; font_container=&#8221;tag:h5|text_align:center&#8221; google_fonts=&#8221;font_family:Ubuntu%3A300%2C300italic%2Cregular%2Citalic%2C500%2C500italic%2C700%2C700italic|font_style:400%20regular%3A400%3Anormal&#8221;][vc_column_text] Uygun fiyatlar ile sizlere en kaliteli leziz \u00fcr\u00fcnleri sunar\u0131z [\/vc_column_text][vc_single_image image=&#8221;2619&#8243; img_size=&#8221;250&#215;250&#8243;][vc_custom_heading [&hellip;]<\/p>\n","protected":false},"author":1,"featured_media":0,"parent":0,"menu_order":0,"comment_status":"closed","ping_status":"closed","template":"","meta":{"footnotes":""},"class_list":["post-2372","page","type-page","status-publish","hentry"],"_links":{"self":[{"href":"https:\/\/turas.com.tr\/index.php?rest_route=\/wp\/v2\/pages\/2372","targetHints":{"allow":["GET"]}}],"collection":[{"href":"https:\/\/turas.com.tr\/index.php?rest_route=\/wp\/v2\/pages"}],"about":[{"href":"https:\/\/turas.com.tr\/index.php?rest_route=\/wp\/v2\/types\/page"}],"author":[{"embeddable":true,"href":"https:\/\/turas.com.tr\/index.php?rest_route=\/wp\/v2\/users\/1"}],"replies":[{"embeddable":true,"href":"https:\/\/turas.com.tr\/index.php?rest_route=%2Fwp%2Fv2%2Fcomments&post=2372"}],"version-history":[{"count":24,"href":"https:\/\/turas.com.tr\/index.php?rest_route=\/wp\/v2\/pages\/2372\/revisions"}],"predecessor-version":[{"id":3200,"href":"https:\/\/turas.com.tr\/index.php?rest_route=\/wp\/v2\/pages\/2372\/revisions\/3200"}],"wp:attachment":[{"href":"https:\/\/turas.com.tr\/index.php?rest_route=%2Fwp%2Fv2%2Fmedia&parent=2372"}],"curies":[{"name":"wp","href":"https:\/\/api.w.org\/{rel}","templated":true}]}}