{"id":2375,"date":"2023-07-11T16:19:35","date_gmt":"2023-07-11T13:19:35","guid":{"rendered":"https:\/\/turas.com.tr\/?page_id=2375"},"modified":"2023-11-20T15:10:18","modified_gmt":"2023-11-20T12:10:18","slug":"marmaris-halk-plaji","status":"publish","type":"page","link":"https:\/\/turas.com.tr\/?page_id=2375","title":{"rendered":"Marmaris Halk Plaj\u0131"},"content":{"rendered":"<section class=\"wpb-content-wrapper\"><p>[vc_row css=&#8221;.vc_custom_1689164925573{margin-top: 30px !important;}&#8221;][vc_column][vc_images_carousel images=&#8221;2778,2779,2777,2776&#8243; img_size=&#8221;1145&#215;500&#8243; speed=&#8221;500&#8243;][\/vc_column][\/vc_row][vc_row][vc_column width=&#8221;1\/4&#8243;][vc_single_image image=&#8221;2614&#8243; img_size=&#8221;250&#215;250&#8243;][vc_custom_heading text=&#8221;\u00dccretsiz Ki\u015fi Giri\u015fi&#8221; font_container=&#8221;tag:h5|text_align:center&#8221; google_fonts=&#8221;font_family:Ubuntu%3A300%2C300italic%2Cregular%2Citalic%2C500%2C500italic%2C700%2C700italic|font_style:400%20regular%3A400%3Anormal&#8221;][vc_column_text]T\u00fcm plajlar\u0131m\u0131zda Ki\u015filerin giri\u015flerinden \u00fccret al\u0131nmamaktad\u0131r.[\/vc_column_text][\/vc_column][vc_column width=&#8221;1\/4&#8243;][vc_single_image image=&#8221;2615&#8243; img_size=&#8221;250&#215;250&#8243;][vc_custom_heading text=&#8221;Uygun Fiyatlar&#8221; font_container=&#8221;tag:h5|text_align:center&#8221; google_fonts=&#8221;font_family:Ubuntu%3A300%2C300italic%2Cregular%2Citalic%2C500%2C500italic%2C700%2C700italic|font_style:400%20regular%3A400%3Anormal&#8221;][vc_column_text]Uygun fiyatlar ile sizlere en kaliteli leziz \u00fcr\u00fcnleri sunar\u0131z[\/vc_column_text][\/vc_column][vc_column width=&#8221;1\/4&#8243;][vc_single_image image=&#8221;2616&#8243; img_size=&#8221;250&#215;250&#8243;][vc_custom_heading text=&#8221;Temiz Sahiller&#8221; font_container=&#8221;tag:h5|text_align:center&#8221; google_fonts=&#8221;font_family:Ubuntu%3A300%2C300italic%2Cregular%2Citalic%2C500%2C500italic%2C700%2C700italic|font_style:400%20regular%3A400%3Anormal&#8221;][vc_column_text]Sizler\u00a0 gelmeden \u00f6nce her sabah sizin i\u00e7in sahiller d\u00fczenlenir temizlenir.[\/vc_column_text][\/vc_column][vc_column width=&#8221;1\/4&#8243;][vc_single_image image=&#8221;2617&#8243; img_size=&#8221;250&#215;250&#8243;][vc_custom_heading text=&#8221;Engelli Dostu&#8221; font_container=&#8221;tag:h5|text_align:center&#8221; google_fonts=&#8221;font_family:Ubuntu%3A300%2C300italic%2Cregular%2Citalic%2C500%2C500italic%2C700%2C700italic|font_style:400%20regular%3A400%3Anormal&#8221;][vc_column_text]Halk plajlar\u0131m\u0131z engelli dostlar\u0131m\u0131z\u0131n kullan\u0131m\u0131 i\u00e7in tasarlanm\u0131\u015ft\u0131r.[\/vc_column_text][\/vc_column][\/vc_row][vc_row][vc_column width=&#8221;1\/4&#8243;][vc_single_image image=&#8221;2618&#8243; img_size=&#8221;250&#215;250&#8243;][vc_custom_heading text=&#8221;Otopark&#8221; font_container=&#8221;tag:h5|text_align:center&#8221; google_fonts=&#8221;font_family:Ubuntu%3A300%2C300italic%2Cregular%2Citalic%2C500%2C500italic%2C700%2C700italic|font_style:400%20regular%3A400%3Anormal&#8221;][vc_column_text]7\/24 G\u00fcvenlik kameralar\u0131 ile takip edilen otoparklar.[\/vc_column_text][\/vc_column][vc_column width=&#8221;1\/4&#8243;][vc_single_image image=&#8221;2619&#8243; img_size=&#8221;250&#215;250&#8243;][vc_custom_heading text=&#8221;Spor Alanlar\u0131&#8221; font_container=&#8221;tag:h5|text_align:center&#8221; google_fonts=&#8221;font_family:Ubuntu%3A300%2C300italic%2Cregular%2Citalic%2C500%2C500italic%2C700%2C700italic|font_style:400%20regular%3A400%3Anormal&#8221;][vc_column_text]Vatanda\u015flar\u0131m\u0131z\u0131n kullan\u0131m\u0131na sunulan spor alanlar\u0131[\/vc_column_text][\/vc_column][vc_column width=&#8221;1\/4&#8243;][vc_single_image image=&#8221;2620&#8243; img_size=&#8221;250&#215;250&#8243;][vc_custom_heading text=&#8221;Restoran &amp; Pastahane&#8221; font_container=&#8221;tag:h5|text_align:center&#8221; google_fonts=&#8221;font_family:Ubuntu%3A300%2C300italic%2Cregular%2Citalic%2C500%2C500italic%2C700%2C700italic|font_style:400%20regular%3A400%3Anormal&#8221;][vc_column_text]Self Servis olarak hizmet veren restoranlar\u0131m\u0131zda en kaliteli \u00fcr\u00fcnler.[\/vc_column_text][\/vc_column][vc_column width=&#8221;1\/4&#8243;][vc_single_image image=&#8221;2621&#8243; img_size=&#8221;250&#215;250&#8243;][vc_custom_heading text=&#8221;Alkols\u00fcz Tesisler&#8221; font_container=&#8221;tag:h5|text_align:center&#8221; google_fonts=&#8221;font_family:Ubuntu%3A300%2C300italic%2Cregular%2Citalic%2C500%2C500italic%2C700%2C700italic|font_style:400%20regular%3A400%3Anormal&#8221;][vc_column_text]Plajlar\u0131m\u0131zda alkol sat\u0131\u015f\u0131 yap\u0131lmamaktad\u0131r.[\/vc_column_text][\/vc_column][\/vc_row][vc_row css=&#8221;.vc_custom_1689667568113{background-color: #ffffff !important;}&#8221;][vc_column width=&#8221;1\/2&#8243; css=&#8221;.vc_custom_1690186163106{margin-top: 15px !important;}&#8221;][vc_column_text]<b>Tesis Sorumlusu\u00a0\u00a0 :<\/b><\/p>\n<p><b>Tesis Telefon\u00a0 \u00a0 \u00a0 \u00a0<\/b><b>\u00a0\u00a0:\u00a0<\/b>0537 264 65 19<\/p>\n<p><b>Tesis Eposta \u00a0 \u00a0 \u00a0 \u00a0 \u00a0:\u00a0<\/b>marmaris@turas.com.tr<\/p>\n<p><b>Tesis Adresi\u00a0 \u00a0 \u00a0 \u00a0 \u00a0\u00a0:\u00a0<\/b> \u00c7\u0131ld\u0131r, 105. Sk. No:23, 48700 Marmaris\/Mu\u011fla<\/p>\n<p><b>Tesis Niteli\u011fi\u00a0 \u00a0 \u00a0 \u00a0\u00a0\u00a0:<\/b>\u00a0G\u00fcn\u00fcbirlik Halk Plaj\u0131<\/p>\n<p><b>Tesis Kapasitesi\u00a0 \u00a0:<\/b>\u00a03000<\/p>\n<p><b>Tesis Otopark\u00a0 :<\/b>\u00a0Yok<\/p>\n<p><b>Tesis Bilgi\u00a0 \u00a0 \u00a0 \u00a0 \u00a0\u00a0 \u00a0\u00a0:<\/b>\u00a0Restoran, Kafe, Dinlence Alanlar\u0131, E\u011flence Alanlar\u0131, Tuvaletler, Du\u015fluklar, Spor Alanlar\u0131, Erkek Kad\u0131n Mescid, \u00c7ocuk Park\u0131,<\/p>\n<p style=\"font-weight: 400;\">Mu\u011fla\u2019ya ba\u011fl\u0131 Marmaris il\u00e7esi, do\u011fal g\u00fczellikleri, tarihi yap\u0131lar\u0131 ve e\u015fsiz koylar\u0131 ile birlikte her y\u0131l on binlerce yerli ve yabanc\u0131 turistin ziyaret etti\u011fi, pop\u00fcler tatil merkezleri aras\u0131ndad\u0131r. Mu\u011fla\u2019n\u0131n tam g\u00fcneyinde yer alan Marmaris, il merkezine ortalama 60 kilometre uzakl\u0131kta olup; b\u00f6lgeye il merkezinden ula\u015f\u0131mlar \u00f6zel ara\u00e7la veya Mu\u011fla Otogar\u0131\u2019ndan saat ba\u015f\u0131 hareket eden Marmaris minib\u00fcsleriyle yap\u0131labilmektedir.<\/p>\n<p style=\"font-weight: 400;\">Ye\u015fil ormanlarla \u00e7evrili Marmaris\u2019te tercih edebilece\u011finiz \u00e7ok say\u0131da plaj ve beach bulunmaktad\u0131r. Marmaris\u2019te \u00f6ne \u00e7\u0131kan plajlar;\u00a0\u00a0Kleopatra Plaj\u0131, K\u0131zkumu Plaj\u0131, \u0130ncekum Plaj\u0131, Uzunyal\u0131 Plaj\u0131, Marmaris Halk Plaj\u0131, Turun\u00e7 Plaj\u0131, Cennet Adas\u0131 Plaj\u0131 ve \u0130\u00e7meler Plaj\u0131 olarak s\u0131ralanmaktad\u0131r.<\/p>\n<p>\u00a0[\/vc_column_text][\/vc_column][vc_column width=&#8221;1\/2&#8243; css=&#8221;.vc_custom_1690186174161{margin-top: 15px !important;}&#8221;][vc_column_text]Plaj\u0131m\u0131z 5 y\u0131ld\u0131zl\u0131 otel kalitesindedir. K\u00fclt\u00fcrel ve sosyal etkinlikler a\u00e7\u0131s\u0131ndan s\u00fcrekli hareketli olan, Marmaris Halk Plaj\u0131nda konserler, voleybol turnuvalar\u0131, \u00e7e\u015fitli yar\u0131\u015fmalar, spor etkinlikleri, koro kurslar\u0131, el sanatlar\u0131, resim kursu ve daha bir\u00e7ok etkinlikleri b\u00fcnyesinde bulu\u015fturuyor. Konaklaman\u0131n olmad\u0131\u011f\u0131, g\u00fcn\u00fc birlik tesislerimize giri\u015f \u00fccreti al\u0131nmamaktad\u0131r G\u00fcvenlik konusunda, halk plajlar\u0131n\u0131n aras\u0131nda en iyisi olan, rahat ve tedirginli\u011fin ya\u015fanmad\u0131\u011f\u0131 Lara Halk Plaj\u0131 80 adet kamera ile 7 \/ 24 mobese hizmeti vermektedir.<\/p>\n<p><iframe loading=\"lazy\" title=\"YouTube video player\" src=\"https:\/\/www.youtube.com\/embed\/oe_kmwcO1ag\" width=\"560\" height=\"315\" frameborder=\"0\" allowfullscreen=\"allowfullscreen\"><\/iframe>[\/vc_column_text][\/vc_column][\/vc_row][vc_row][vc_column][vc_media_grid element_width=&#8221;3&#8243; gap=&#8221;15&#8243; grid_id=&#8221;vc_gid:1690186143733-d125b892021bc5da63cd96b3823a48b8-6&#8243; include=&#8221;2845,2864,2847,2848,2849,2850,2851,2852,2854,2857,2858,2859,2860,2862,2863,2846,2853,2856,2865,2866&#8243; css=&#8221;.vc_custom_1690186284837{margin-top: 15px !important;}&#8221;][\/vc_column][\/vc_row][vc_row][vc_column][vc_column_text]<iframe loading=\"lazy\" style=\"border: 0;\" src=\"https:\/\/www.google.com\/maps\/embed?pb=!1m18!1m12!1m3!1d25541.090422352132!2d28.24528861352353!3d36.85118551544556!2m3!1f0!2f0!3f0!3m2!1i1024!2i768!4f13.1!3m3!1m2!1s0x14bfbdd70bbdeced%3A0x459c1915270915c8!2sMarmaris%20Halk%20Plaj%C4%B1!5e0!3m2!1str!2str!4v1690115868426!5m2!1str!2str\" width=\"100%\" height=\"450\" allowfullscreen=\"allowfullscreen\"><\/iframe>[\/vc_column_text][\/vc_column][\/vc_row]<\/p>\n<\/section>","protected":false},"excerpt":{"rendered":"<p>[vc_row css=&#8221;.vc_custom_1689164925573{margin-top: 30px !important;}&#8221;][vc_column][vc_images_carousel images=&#8221;2778,2779,2777,2776&#8243; img_size=&#8221;1145&#215;500&#8243; speed=&#8221;500&#8243;][\/vc_column][\/vc_row][vc_row][vc_column width=&#8221;1\/4&#8243;][vc_single_image image=&#8221;2614&#8243; img_size=&#8221;250&#215;250&#8243;][vc_custom_heading text=&#8221;\u00dccretsiz Ki\u015fi Giri\u015fi&#8221; font_container=&#8221;tag:h5|text_align:center&#8221; google_fonts=&#8221;font_family:Ubuntu%3A300%2C300italic%2Cregular%2Citalic%2C500%2C500italic%2C700%2C700italic|font_style:400%20regular%3A400%3Anormal&#8221;][vc_column_text]T\u00fcm plajlar\u0131m\u0131zda Ki\u015filerin giri\u015flerinden \u00fccret al\u0131nmamaktad\u0131r.[\/vc_column_text][\/vc_column][vc_column width=&#8221;1\/4&#8243;][vc_single_image image=&#8221;2615&#8243; img_size=&#8221;250&#215;250&#8243;][vc_custom_heading text=&#8221;Uygun Fiyatlar&#8221; font_container=&#8221;tag:h5|text_align:center&#8221; google_fonts=&#8221;font_family:Ubuntu%3A300%2C300italic%2Cregular%2Citalic%2C500%2C500italic%2C700%2C700italic|font_style:400%20regular%3A400%3Anormal&#8221;][vc_column_text]Uygun fiyatlar ile sizlere en kaliteli leziz \u00fcr\u00fcnleri sunar\u0131z[\/vc_column_text][\/vc_column][vc_column width=&#8221;1\/4&#8243;][vc_single_image image=&#8221;2616&#8243; img_size=&#8221;250&#215;250&#8243;][vc_custom_heading text=&#8221;Temiz Sahiller&#8221; font_container=&#8221;tag:h5|text_align:center&#8221; google_fonts=&#8221;font_family:Ubuntu%3A300%2C300italic%2Cregular%2Citalic%2C500%2C500italic%2C700%2C700italic|font_style:400%20regular%3A400%3Anormal&#8221;][vc_column_text]Sizler\u00a0 gelmeden \u00f6nce her sabah sizin i\u00e7in sahiller d\u00fczenlenir temizlenir.[\/vc_column_text][\/vc_column][vc_column width=&#8221;1\/4&#8243;][vc_single_image image=&#8221;2617&#8243; img_size=&#8221;250&#215;250&#8243;][vc_custom_heading text=&#8221;Engelli [&hellip;]<\/p>\n","protected":false},"author":1,"featured_media":0,"parent":0,"menu_order":0,"comment_status":"closed","ping_status":"closed","template":"","meta":{"footnotes":""},"class_list":["post-2375","page","type-page","status-publish","hentry"],"_links":{"self":[{"href":"https:\/\/turas.com.tr\/index.php?rest_route=\/wp\/v2\/pages\/2375","targetHints":{"allow":["GET"]}}],"collection":[{"href":"https:\/\/turas.com.tr\/index.php?rest_route=\/wp\/v2\/pages"}],"about":[{"href":"https:\/\/turas.com.tr\/index.php?rest_route=\/wp\/v2\/types\/page"}],"author":[{"embeddable":true,"href":"https:\/\/turas.com.tr\/index.php?rest_route=\/wp\/v2\/users\/1"}],"replies":[{"embeddable":true,"href":"https:\/\/turas.com.tr\/index.php?rest_route=%2Fwp%2Fv2%2Fcomments&post=2375"}],"version-history":[{"count":15,"href":"https:\/\/turas.com.tr\/index.php?rest_route=\/wp\/v2\/pages\/2375\/revisions"}],"predecessor-version":[{"id":3196,"href":"https:\/\/turas.com.tr\/index.php?rest_route=\/wp\/v2\/pages\/2375\/revisions\/3196"}],"wp:attachment":[{"href":"https:\/\/turas.com.tr\/index.php?rest_route=%2Fwp%2Fv2%2Fmedia&parent=2375"}],"curies":[{"name":"wp","href":"https:\/\/api.w.org\/{rel}","templated":true}]}}