{"id":2872,"date":"2023-07-21T18:21:21","date_gmt":"2023-07-21T15:21:21","guid":{"rendered":"https:\/\/turas.com.tr\/?page_id=2872"},"modified":"2023-11-20T15:05:57","modified_gmt":"2023-11-20T12:05:57","slug":"lara-halk-plaji-2","status":"publish","type":"page","link":"https:\/\/turas.com.tr\/?page_id=2872","title":{"rendered":"Lara Halk Plaj\u0131"},"content":{"rendered":"<section class=\"wpb-content-wrapper\"><p>[vc_row css=&#8221;.vc_custom_1689164925573{margin-top: 30px !important;}&#8221;][vc_column][vc_images_carousel images=&#8221;2778,2779,2777,2776&#8243; img_size=&#8221;1145&#215;500&#8243; speed=&#8221;500&#8243;][\/vc_column][\/vc_row][vc_row][vc_column width=&#8221;1\/4&#8243;][vc_single_image image=&#8221;2614&#8243; img_size=&#8221;250&#215;250&#8243;][vc_custom_heading text=&#8221;\u00dccretsiz Ki\u015fi Giri\u015fi&#8221; font_container=&#8221;tag:h5|text_align:center&#8221; google_fonts=&#8221;font_family:Ubuntu%3A300%2C300italic%2Cregular%2Citalic%2C500%2C500italic%2C700%2C700italic|font_style:400%20regular%3A400%3Anormal&#8221;][vc_column_text]T\u00fcm plajlar\u0131m\u0131zda Ki\u015filerin giri\u015flerinden \u00fccret al\u0131nmamaktad\u0131r.[\/vc_column_text][\/vc_column][vc_column width=&#8221;1\/4&#8243;][vc_single_image image=&#8221;2615&#8243; img_size=&#8221;250&#215;250&#8243;][vc_custom_heading text=&#8221;Uygun Fiyatlar&#8221; font_container=&#8221;tag:h5|text_align:center&#8221; google_fonts=&#8221;font_family:Ubuntu%3A300%2C300italic%2Cregular%2Citalic%2C500%2C500italic%2C700%2C700italic|font_style:400%20regular%3A400%3Anormal&#8221;][vc_column_text]Uygun fiyatlar ile sizlere en kaliteli leziz \u00fcr\u00fcnleri sunar\u0131z[\/vc_column_text][\/vc_column][vc_column width=&#8221;1\/4&#8243;][vc_single_image image=&#8221;2616&#8243; img_size=&#8221;250&#215;250&#8243;][vc_custom_heading text=&#8221;Temiz Sahiller&#8221; font_container=&#8221;tag:h5|text_align:center&#8221; google_fonts=&#8221;font_family:Ubuntu%3A300%2C300italic%2Cregular%2Citalic%2C500%2C500italic%2C700%2C700italic|font_style:400%20regular%3A400%3Anormal&#8221;][vc_column_text]Sizler\u00a0 gelmeden \u00f6nce her sabah sizin i\u00e7in sahiller d\u00fczenlenir temizlenir.[\/vc_column_text][\/vc_column][vc_column width=&#8221;1\/4&#8243;][vc_single_image image=&#8221;2617&#8243; img_size=&#8221;250&#215;250&#8243;][vc_custom_heading text=&#8221;Engelli Dostu&#8221; font_container=&#8221;tag:h5|text_align:center&#8221; google_fonts=&#8221;font_family:Ubuntu%3A300%2C300italic%2Cregular%2Citalic%2C500%2C500italic%2C700%2C700italic|font_style:400%20regular%3A400%3Anormal&#8221;][vc_column_text]Halk plajlar\u0131m\u0131z engelli dostlar\u0131m\u0131z\u0131n kullan\u0131m\u0131 i\u00e7in tasarlanm\u0131\u015ft\u0131r.[\/vc_column_text][\/vc_column][\/vc_row][vc_row][vc_column width=&#8221;1\/4&#8243;][vc_single_image image=&#8221;2618&#8243; img_size=&#8221;250&#215;250&#8243;][vc_custom_heading text=&#8221;Otopark&#8221; font_container=&#8221;tag:h5|text_align:center&#8221; google_fonts=&#8221;font_family:Ubuntu%3A300%2C300italic%2Cregular%2Citalic%2C500%2C500italic%2C700%2C700italic|font_style:400%20regular%3A400%3Anormal&#8221;][vc_column_text]7\/24 G\u00fcvenlik kameralar\u0131 ile takip edilen otoparklar.[\/vc_column_text][\/vc_column][vc_column width=&#8221;1\/4&#8243;][vc_single_image image=&#8221;2619&#8243; img_size=&#8221;250&#215;250&#8243;][vc_custom_heading text=&#8221;Spor Alanlar\u0131&#8221; font_container=&#8221;tag:h5|text_align:center&#8221; google_fonts=&#8221;font_family:Ubuntu%3A300%2C300italic%2Cregular%2Citalic%2C500%2C500italic%2C700%2C700italic|font_style:400%20regular%3A400%3Anormal&#8221;][vc_column_text]Vatanda\u015flar\u0131m\u0131z\u0131n kullan\u0131m\u0131na sunulan spor alanlar\u0131[\/vc_column_text][\/vc_column][vc_column width=&#8221;1\/4&#8243;][vc_single_image image=&#8221;2620&#8243; img_size=&#8221;250&#215;250&#8243;][vc_custom_heading text=&#8221;Restoran &amp; Pastahane&#8221; font_container=&#8221;tag:h5|text_align:center&#8221; google_fonts=&#8221;font_family:Ubuntu%3A300%2C300italic%2Cregular%2Citalic%2C500%2C500italic%2C700%2C700italic|font_style:400%20regular%3A400%3Anormal&#8221;][vc_column_text]Self Servis olarak hizmet veren restoranlar\u0131m\u0131zda en kaliteli \u00fcr\u00fcnler.[\/vc_column_text][\/vc_column][vc_column width=&#8221;1\/4&#8243;][vc_single_image image=&#8221;2621&#8243; img_size=&#8221;250&#215;250&#8243;][vc_custom_heading text=&#8221;Alkols\u00fcz Tesisler&#8221; font_container=&#8221;tag:h5|text_align:center&#8221; google_fonts=&#8221;font_family:Ubuntu%3A300%2C300italic%2Cregular%2Citalic%2C500%2C500italic%2C700%2C700italic|font_style:400%20regular%3A400%3Anormal&#8221;][vc_column_text]Plajlar\u0131m\u0131zda alkol sat\u0131\u015f\u0131 yap\u0131lmamaktad\u0131r.[\/vc_column_text][\/vc_column][\/vc_row][vc_row css=&#8221;.vc_custom_1689667568113{background-color: #ffffff !important;}&#8221;][vc_column width=&#8221;1\/2&#8243;][vc_column_text]<b>Tesis Sorumlusu\u00a0\u00a0 :<\/b><\/p>\n<p><b>Tesis Telefon\u00a0 \u00a0 \u00a0 \u00a0<\/b><b>\u00a0\u00a0:\u00a0<\/b>0534 693 63 95<\/p>\n<p><b>Tesis Eposta \u00a0 \u00a0 \u00a0 \u00a0 \u00a0:\u00a0<\/b>lara@turas.com.tr<\/p>\n<p><b>Tesis Adresi\u00a0 \u00a0 \u00a0 \u00a0 \u00a0\u00a0:\u00a0<\/b> Lara \/ ANTALYA<\/p>\n<p><b>Tesis Niteli\u011fi\u00a0 \u00a0 \u00a0 \u00a0\u00a0\u00a0:<\/b>\u00a0G\u00fcn\u00fcbirlik Halk Plaj\u0131<\/p>\n<p><b>Tesis Kapasitesi\u00a0 \u00a0:<\/b>\u00a03000<\/p>\n<p><b>Tesis Otopark\u00a0 :<\/b>\u00a0Yok<\/p>\n<p><b>Tesis Bilgi\u00a0 \u00a0 \u00a0 \u00a0 \u00a0\u00a0 \u00a0\u00a0:<\/b>\u00a0Restoran, Kafe, Dinlence Alanlar\u0131, E\u011flence Alanlar\u0131, Tuvaletler, Du\u015fluklar, Spor Alanlar\u0131, Erkek Kad\u0131n Mescid, \u00c7ocuk Park\u0131,<\/p>\n<p>Akdeniz&#8217;in e\u015fsiz sahillerinden birine sahip olan Lara, \u0131\u015f\u0131ldayan g\u00fcne\u015fi, turkuaz sular\u0131n\u0131n b\u00fcy\u00fcs\u00fc ve zengin \u00e7am ormanlar\u0131n\u0131n g\u00fczelli\u011fiyle halk\u0131m\u0131za hizmet veriyor. Sa\u011flam ve g\u00fcvenilir kadrosu ile Lara\u2019n\u0131n , en g\u00f6zde sahilin de siz \u00f6zel misafirlerimiz i\u00e7in kaliteli hizmet verilmektedir.<\/p>\n<p>Plaj\u0131m\u0131z 5 y\u0131ld\u0131zl\u0131 otel kalitesindedir. K\u00fclt\u00fcrel ve sosyal etkinlikler a\u00e7\u0131s\u0131ndan s\u00fcrekli hareketli olan, Lara Halk Plaj\u0131nda konserler, voleybol turnuvalar\u0131, \u00e7e\u015fitli yar\u0131\u015fmalar, spor etkinlikleri, koro kurslar\u0131, el sanatlar\u0131, resim kursu ve daha bir\u00e7ok etkinlikleri b\u00fcnyesinde bulu\u015fturuyor. Konaklaman\u0131n olmad\u0131\u011f\u0131, g\u00fcn\u00fc birlik tesislerimize giri\u015f \u00fccreti al\u0131nmamaktad\u0131r G\u00fcvenlik konusunda, halk plajlar\u0131n\u0131n aras\u0131nda en iyisi olan, rahat ve tedirginli\u011fin ya\u015fanmad\u0131\u011f\u0131 Lara Halk Plaj\u0131 80 adet kamera ile 7 \/ 24 mobese hizmeti vermektedir.[\/vc_column_text][\/vc_column][vc_column width=&#8221;1\/2&#8243;][vc_column_text]Yakla\u015f\u0131k 10 dakikal\u0131k bir yolculukla rahat\u00e7a ula\u015fabilece\u011finiz bir lokasyona sahiptir. Daha hareketli ve kalabal\u0131k olan Marmaris\u2019e k\u0131yasla daha sessiz bir ya\u015fam tarz\u0131na sahiptir.<\/p>\n<p><iframe loading=\"lazy\" title=\"YouTube video player\" src=\"https:\/\/www.youtube.com\/embed\/oe_kmwcO1ag\" width=\"560\" height=\"315\" frameborder=\"0\" allowfullscreen=\"allowfullscreen\"><\/iframe>[\/vc_column_text][\/vc_column][\/vc_row][vc_row][vc_column][vc_media_grid element_width=&#8221;3&#8243; gap=&#8221;15&#8243; grid_id=&#8221;vc_gid:1690189305977-0b45444d6f1b2797392a3c3e3fddff2a-9&#8243; include=&#8221;2845,2846,2847,2848,2849,2850,2851,2852,2854,2856,2857,2858,2859,2860,2861,2862,2863,2864,2865,2866&#8243;][\/vc_column][\/vc_row][vc_row][vc_column][vc_column_text]<iframe loading=\"lazy\" style=\"border: 0;\" src=\"https:\/\/www.google.com\/maps\/embed?pb=!1m18!1m12!1m3!1d102160.46958644036!2d30.779857255312958!3d36.854097754739136!2m3!1f0!2f0!3f0!3m2!1i1024!2i768!4f13.1!3m3!1m2!1s0x14c38384e3469769%3A0x3979e71948ea99b0!2sLara%20%C3%9Ccretsiz%20Halk%20Plaj%C4%B1!5e0!3m2!1str!2str!4v1689952201023!5m2!1str!2str\" width=\"100%\" height=\"450\" allowfullscreen=\"allowfullscreen\"><\/iframe>[\/vc_column_text][\/vc_column][\/vc_row]<\/p>\n<\/section>","protected":false},"excerpt":{"rendered":"<p>[vc_row css=&#8221;.vc_custom_1689164925573{margin-top: 30px !important;}&#8221;][vc_column][vc_images_carousel images=&#8221;2778,2779,2777,2776&#8243; img_size=&#8221;1145&#215;500&#8243; speed=&#8221;500&#8243;][\/vc_column][\/vc_row][vc_row][vc_column width=&#8221;1\/4&#8243;][vc_single_image image=&#8221;2614&#8243; img_size=&#8221;250&#215;250&#8243;][vc_custom_heading text=&#8221;\u00dccretsiz Ki\u015fi Giri\u015fi&#8221; font_container=&#8221;tag:h5|text_align:center&#8221; google_fonts=&#8221;font_family:Ubuntu%3A300%2C300italic%2Cregular%2Citalic%2C500%2C500italic%2C700%2C700italic|font_style:400%20regular%3A400%3Anormal&#8221;][vc_column_text]T\u00fcm plajlar\u0131m\u0131zda Ki\u015filerin giri\u015flerinden \u00fccret al\u0131nmamaktad\u0131r.[\/vc_column_text][\/vc_column][vc_column width=&#8221;1\/4&#8243;][vc_single_image image=&#8221;2615&#8243; img_size=&#8221;250&#215;250&#8243;][vc_custom_heading text=&#8221;Uygun Fiyatlar&#8221; font_container=&#8221;tag:h5|text_align:center&#8221; google_fonts=&#8221;font_family:Ubuntu%3A300%2C300italic%2Cregular%2Citalic%2C500%2C500italic%2C700%2C700italic|font_style:400%20regular%3A400%3Anormal&#8221;][vc_column_text]Uygun fiyatlar ile sizlere en kaliteli leziz \u00fcr\u00fcnleri sunar\u0131z[\/vc_column_text][\/vc_column][vc_column width=&#8221;1\/4&#8243;][vc_single_image image=&#8221;2616&#8243; img_size=&#8221;250&#215;250&#8243;][vc_custom_heading text=&#8221;Temiz Sahiller&#8221; font_container=&#8221;tag:h5|text_align:center&#8221; google_fonts=&#8221;font_family:Ubuntu%3A300%2C300italic%2Cregular%2Citalic%2C500%2C500italic%2C700%2C700italic|font_style:400%20regular%3A400%3Anormal&#8221;][vc_column_text]Sizler\u00a0 gelmeden \u00f6nce her sabah sizin i\u00e7in sahiller d\u00fczenlenir temizlenir.[\/vc_column_text][\/vc_column][vc_column width=&#8221;1\/4&#8243;][vc_single_image image=&#8221;2617&#8243; img_size=&#8221;250&#215;250&#8243;][vc_custom_heading text=&#8221;Engelli [&hellip;]<\/p>\n","protected":false},"author":1,"featured_media":0,"parent":0,"menu_order":0,"comment_status":"closed","ping_status":"closed","template":"","meta":{"footnotes":""},"class_list":["post-2872","page","type-page","status-publish","hentry"],"_links":{"self":[{"href":"https:\/\/turas.com.tr\/index.php?rest_route=\/wp\/v2\/pages\/2872","targetHints":{"allow":["GET"]}}],"collection":[{"href":"https:\/\/turas.com.tr\/index.php?rest_route=\/wp\/v2\/pages"}],"about":[{"href":"https:\/\/turas.com.tr\/index.php?rest_route=\/wp\/v2\/types\/page"}],"author":[{"embeddable":true,"href":"https:\/\/turas.com.tr\/index.php?rest_route=\/wp\/v2\/users\/1"}],"replies":[{"embeddable":true,"href":"https:\/\/turas.com.tr\/index.php?rest_route=%2Fwp%2Fv2%2Fcomments&post=2872"}],"version-history":[{"count":4,"href":"https:\/\/turas.com.tr\/index.php?rest_route=\/wp\/v2\/pages\/2872\/revisions"}],"predecessor-version":[{"id":3195,"href":"https:\/\/turas.com.tr\/index.php?rest_route=\/wp\/v2\/pages\/2872\/revisions\/3195"}],"wp:attachment":[{"href":"https:\/\/turas.com.tr\/index.php?rest_route=%2Fwp%2Fv2%2Fmedia&parent=2872"}],"curies":[{"name":"wp","href":"https:\/\/api.w.org\/{rel}","templated":true}]}}