{"id":2992,"date":"2023-07-23T16:02:14","date_gmt":"2023-07-23T13:02:14","guid":{"rendered":"https:\/\/turas.com.tr\/?page_id=2992"},"modified":"2023-07-24T11:12:29","modified_gmt":"2023-07-24T08:12:29","slug":"alacasu-halk-plaji","status":"publish","type":"page","link":"https:\/\/turas.com.tr\/?page_id=2992","title":{"rendered":"Alacasu Halk Plaj\u0131"},"content":{"rendered":"<section class=\"wpb-content-wrapper\"><p>[vc_row css=&#8221;.vc_custom_1689162365712{margin-top: 30px !important;}&#8221;][vc_column][vc_images_carousel images=&#8221;3014&#8243; img_size=&#8221;1145&#215;500&#8243; css_animation=&#8221;fadeInLeft&#8221;][\/vc_column][\/vc_row][vc_row][vc_column width=&#8221;1\/4&#8243;][vc_single_image image=&#8221;2614&#8243; img_size=&#8221;250&#215;250&#8243;][vc_custom_heading text=&#8221;\u00dccretsiz Ki\u015fi Giri\u015fi&#8221; font_container=&#8221;tag:h5|text_align:center&#8221; google_fonts=&#8221;font_family:Ubuntu%3A300%2C300italic%2Cregular%2Citalic%2C500%2C500italic%2C700%2C700italic|font_style:400%20regular%3A400%3Anormal&#8221;][vc_column_text]<\/p>\n<p style=\"text-align: center;\">T\u00fcm plajlar\u0131m\u0131zda Ki\u015filerin giri\u015flerinden \u00fccret al\u0131nmamaktad\u0131r.<\/p>\n<p>[\/vc_column_text][\/vc_column][vc_column width=&#8221;1\/4&#8243;][vc_single_image image=&#8221;2615&#8243; img_size=&#8221;250&#215;250&#8243;][vc_custom_heading text=&#8221;Uygun Fiyatlar&#8221; font_container=&#8221;tag:h5|text_align:center&#8221; google_fonts=&#8221;font_family:Ubuntu%3A300%2C300italic%2Cregular%2Citalic%2C500%2C500italic%2C700%2C700italic|font_style:400%20regular%3A400%3Anormal&#8221;][vc_column_text]<\/p>\n<p style=\"text-align: center;\">Uygun fiyatlar ile sizlere en kaliteli leziz \u00fcr\u00fcnleri sunar\u0131z<\/p>\n<p>[\/vc_column_text][\/vc_column][vc_column width=&#8221;1\/4&#8243;][vc_single_image image=&#8221;2616&#8243; img_size=&#8221;250&#215;250&#8243;][vc_custom_heading text=&#8221;Temiz Sahiller&#8221; font_container=&#8221;tag:h5|text_align:center&#8221; google_fonts=&#8221;font_family:Ubuntu%3A300%2C300italic%2Cregular%2Citalic%2C500%2C500italic%2C700%2C700italic|font_style:400%20regular%3A400%3Anormal&#8221;][vc_column_text]<\/p>\n<p style=\"text-align: center;\">Sizler\u00a0 gelmeden \u00f6nce her sabah sizin i\u00e7in sahiller d\u00fczenlenir temizlenir.<\/p>\n<p>[\/vc_column_text][\/vc_column][vc_column width=&#8221;1\/4&#8243;][vc_single_image image=&#8221;2617&#8243; img_size=&#8221;250&#215;250&#8243;][vc_custom_heading text=&#8221;Engelli Dostu&#8221; font_container=&#8221;tag:h5|text_align:center&#8221; google_fonts=&#8221;font_family:Ubuntu%3A300%2C300italic%2Cregular%2Citalic%2C500%2C500italic%2C700%2C700italic|font_style:400%20regular%3A400%3Anormal&#8221;][vc_column_text]<\/p>\n<p style=\"text-align: center;\">Halk plajlar\u0131m\u0131z engelli dostlar\u0131m\u0131z\u0131n kullan\u0131m\u0131 i\u00e7in tasarlanm\u0131\u015ft\u0131r.<\/p>\n<p>[\/vc_column_text][\/vc_column][\/vc_row][vc_row][vc_column width=&#8221;1\/4&#8243;][vc_single_image image=&#8221;2618&#8243; img_size=&#8221;250&#215;250&#8243;][vc_custom_heading text=&#8221;Otopark&#8221; font_container=&#8221;tag:h5|text_align:center&#8221; google_fonts=&#8221;font_family:Ubuntu%3A300%2C300italic%2Cregular%2Citalic%2C500%2C500italic%2C700%2C700italic|font_style:400%20regular%3A400%3Anormal&#8221;][vc_column_text]<\/p>\n<p style=\"text-align: center;\">7\/24 G\u00fcvenlik kameralar\u0131 ile takip edilen otoparklar.<\/p>\n<p>[\/vc_column_text][\/vc_column][vc_column width=&#8221;1\/4&#8243;][vc_single_image image=&#8221;2619&#8243; img_size=&#8221;250&#215;250&#8243;][vc_custom_heading text=&#8221;Spor Alanlar\u0131&#8221; font_container=&#8221;tag:h5|text_align:center&#8221; google_fonts=&#8221;font_family:Ubuntu%3A300%2C300italic%2Cregular%2Citalic%2C500%2C500italic%2C700%2C700italic|font_style:400%20regular%3A400%3Anormal&#8221;][vc_column_text]<\/p>\n<p style=\"text-align: center;\">Vatanda\u015flar\u0131m\u0131z\u0131n kullan\u0131m\u0131na sunulan spor alanlar\u0131<\/p>\n<p>[\/vc_column_text][\/vc_column][vc_column width=&#8221;1\/4&#8243;][vc_single_image image=&#8221;2620&#8243; img_size=&#8221;250&#215;250&#8243;][vc_custom_heading text=&#8221;Restoran &amp; Pastahane&#8221; font_container=&#8221;tag:h5|text_align:center&#8221; google_fonts=&#8221;font_family:Ubuntu%3A300%2C300italic%2Cregular%2Citalic%2C500%2C500italic%2C700%2C700italic|font_style:400%20regular%3A400%3Anormal&#8221;][vc_column_text]<\/p>\n<p style=\"text-align: center;\">Self Servis olarak hizmet veren restoranlar\u0131m\u0131zda en kaliteli \u00fcr\u00fcnler.<\/p>\n<p>[\/vc_column_text][\/vc_column][vc_column width=&#8221;1\/4&#8243;][vc_single_image image=&#8221;2621&#8243; img_size=&#8221;250&#215;250&#8243;][vc_custom_heading text=&#8221;Alkols\u00fcz Tesisler&#8221; font_container=&#8221;tag:h5|text_align:center&#8221; google_fonts=&#8221;font_family:Ubuntu%3A300%2C300italic%2Cregular%2Citalic%2C500%2C500italic%2C700%2C700italic|font_style:400%20regular%3A400%3Anormal&#8221;][vc_column_text]<\/p>\n<p style=\"text-align: center;\">Plajlar\u0131m\u0131zda alkol sat\u0131\u015f\u0131 yap\u0131lmamaktad\u0131r.<\/p>\n<p>[\/vc_column_text][\/vc_column][\/vc_row][vc_row][vc_column width=&#8221;1\/2&#8243; css=&#8221;.vc_custom_1689595797896{background-color: #ffffff !important;}&#8221;][vc_column_text]<\/p>\n<table>\n<tbody>\n<tr>\n<th>Firma Ad\u0131<\/th>\n<th>:<\/th>\n<th>Alacasu Halk Plaj\u0131<\/th>\n<\/tr>\n<tr>\n<th>Adres<\/th>\n<th>:<\/th>\n<th><a href=\"https:\/\/www.google.com\/maps\/search\/Alacasu%20Halk%20Plaj%C4%B1%20Tekirova,%2007995%20Kemer\/Antalya\" target=\"_blank\" rel=\"noopener\">Tekirova, 07995 Kemer\/Antalya<\/a><\/th>\n<\/tr>\n<tr>\n<th>Mahalle<\/th>\n<th>:<\/th>\n<th>Tekirova<\/th>\n<\/tr>\n<tr>\n<th>\u0130l\u00e7e<\/th>\n<th>:<\/th>\n<th>Kemer<\/th>\n<\/tr>\n<tr>\n<th>\u0130l<\/th>\n<th>:<\/th>\n<th>Antalya<\/th>\n<\/tr>\n<tr>\n<th>Kategori<\/th>\n<th>:<\/th>\n<th>Do\u011fa Koruma Alan\u0131<\/th>\n<\/tr>\n<tr>\n<th><\/th>\n<th><\/th>\n<\/tr>\n<\/tbody>\n<\/table>\n<p>Alacasu Koyu Muhte\u015fem Do\u011fas\u0131 Likya Yollar\u0131 &#8211; \u00c7amyuva Kemer Antalya Berrak denizi yemye\u015fil \u00e7am ormanlar\u0131 son derece karma\u015f\u0131k bitkisel ekosistemleri faunal ve floral yap\u0131lar\u0131na sahip Alacasu Koyu Kemer ve Tekirova aras\u0131nda \u00c7amyuva beldesi yak\u0131n\u0131nda arkas\u0131n\u0131 Tahtal\u0131 Da\u011f\u0131na \u00f6n\u00fcn\u00fc Akdenize \u00e7evirmi\u015ftir muhte\u015fem do\u011fas\u0131yla sakl\u0131 cennet olan bu koy piknik ve mesire yeridir.<br \/>\n\u00c7ok yak\u0131n\u0131nda tepelik yerde eski bir mezarl\u0131k vard\u0131r.<br \/>\nY\u00fczy\u0131llar \u00f6nce ya\u015fanm\u0131\u015f bir medeniyetin kal\u0131nt\u0131lar\u0131 vard\u0131r.<br \/>\nUnutulmu\u015f durumdad\u0131r.<br \/>\nBu muhte\u015fem sakl\u0131 do\u011fa cennetini g\u00f6rmek isteyen yerli ve yabanc\u0131 turistler geldiklerine pi\u015fman olmayacaklar.<br \/>\nYerel halk taraf\u0131ndan Cingi olarak adland\u0131r\u0131lan sert ta\u015flardan yap\u0131lm\u0131\u015f mezarl\u0131k g\u00f6r\u00fclmeye de\u011fer.<br \/>\nAlacasu Koyu do\u011fal sahas\u0131nda yakla\u015f\u0131k iki bin y\u0131l \u00f6ncesi bir ya\u015fant\u0131n\u0131n izlerini g\u00f6rebilirsiniz.<br \/>\nAlacasu Koyu ile Phaselis Antik kenti aras\u0131nda muhte\u015fem do\u011fa deniz ve ye\u015fil uyumlu haldedir.<br \/>\nSahilleri binlerce y\u0131ld\u0131r denizin dalgalar\u0131n\u0131n yalamas\u0131 sonucu \u00e7ok keskin ve sivri kayal\u0131klar ile kapl\u0131d\u0131r.<br \/>\nBu kayal\u0131klar do\u011fan\u0131n muhte\u015fem g\u00fczelliklerini meydana getirmi\u015ftir.<br \/>\nPanaromik delikler ma\u011faralar g\u00f6r\u00fclmeye de\u011fer.[\/vc_column_text][\/vc_column][vc_column width=&#8221;1\/2&#8243; css=&#8221;.vc_custom_1689595821774{background-color: #ffffff !important;}&#8221;][vc_column_text]<iframe loading=\"lazy\" title=\"YouTube video player\" src=\"https:\/\/www.youtube.com\/embed\/oe_kmwcO1ag\" width=\"560\" height=\"325\" frameborder=\"0\" allowfullscreen=\"allowfullscreen\"><\/iframe><\/p>\n<p>&nbsp;<\/p>\n<p><iframe loading=\"lazy\" title=\"YouTube video player\" src=\"https:\/\/www.youtube.com\/embed\/-Y0-qyIBjvI\" width=\"560\" height=\"325\" frameborder=\"0\" allowfullscreen=\"allowfullscreen\"><\/iframe>[\/vc_column_text][\/vc_column][\/vc_row][vc_row css=&#8221;.vc_custom_1690180795583{margin-top: 15px !important;}&#8221;][vc_column][vc_media_grid element_width=&#8221;3&#8243; gap=&#8221;15&#8243; grid_id=&#8221;vc_gid:1690186320438-481b492e8234d8a2971206d72d4c48f2-6&#8243; include=&#8221;3017,3018,3019,3020,3021,3023,3024,3025&#8243;][vc_column_text][\/vc_column_text][\/vc_column][\/vc_row][vc_row][vc_column][vc_column_text]<iframe src=\"https:\/\/www.google.com\/maps\/embed?pb=!1m18!1m12!1m3!1d12832.335951222103!2d30.49839296501505!3d36.4796874826247!2m3!1f0!2f0!3f0!3m2!1i1024!2i768!4f13.1!3m3!1m2!1s0x14c3cbf1ca68659f%3A0x3dd092d35af4d3ac!2sAlacasu%20Halk%20Plaj%C4%B1!5e0!3m2!1str!2str!4v1690118014705!5m2!1str!2str\" width=\"100%\" height=\"450\" style=\"border:0;\" allowfullscreen=\"\" loading=\"lazy\" referrerpolicy=\"no-referrer-when-downgrade\"><\/iframe>[\/vc_column_text][vc_column_text][\/vc_column_text][\/vc_column][\/vc_row][vc_row][vc_column][\/vc_column][\/vc_row]<\/p>\n<\/section>","protected":false},"excerpt":{"rendered":"<p>[vc_row css=&#8221;.vc_custom_1689162365712{margin-top: 30px !important;}&#8221;][vc_column][vc_images_carousel images=&#8221;3014&#8243; img_size=&#8221;1145&#215;500&#8243; css_animation=&#8221;fadeInLeft&#8221;][\/vc_column][\/vc_row][vc_row][vc_column width=&#8221;1\/4&#8243;][vc_single_image image=&#8221;2614&#8243; img_size=&#8221;250&#215;250&#8243;][vc_custom_heading text=&#8221;\u00dccretsiz Ki\u015fi Giri\u015fi&#8221; font_container=&#8221;tag:h5|text_align:center&#8221; google_fonts=&#8221;font_family:Ubuntu%3A300%2C300italic%2Cregular%2Citalic%2C500%2C500italic%2C700%2C700italic|font_style:400%20regular%3A400%3Anormal&#8221;][vc_column_text] T\u00fcm plajlar\u0131m\u0131zda Ki\u015filerin giri\u015flerinden \u00fccret al\u0131nmamaktad\u0131r. [\/vc_column_text][\/vc_column][vc_column width=&#8221;1\/4&#8243;][vc_single_image image=&#8221;2615&#8243; img_size=&#8221;250&#215;250&#8243;][vc_custom_heading text=&#8221;Uygun Fiyatlar&#8221; font_container=&#8221;tag:h5|text_align:center&#8221; google_fonts=&#8221;font_family:Ubuntu%3A300%2C300italic%2Cregular%2Citalic%2C500%2C500italic%2C700%2C700italic|font_style:400%20regular%3A400%3Anormal&#8221;][vc_column_text] Uygun fiyatlar ile sizlere en kaliteli leziz \u00fcr\u00fcnleri sunar\u0131z [\/vc_column_text][\/vc_column][vc_column width=&#8221;1\/4&#8243;][vc_single_image image=&#8221;2616&#8243; img_size=&#8221;250&#215;250&#8243;][vc_custom_heading text=&#8221;Temiz Sahiller&#8221; font_container=&#8221;tag:h5|text_align:center&#8221; google_fonts=&#8221;font_family:Ubuntu%3A300%2C300italic%2Cregular%2Citalic%2C500%2C500italic%2C700%2C700italic|font_style:400%20regular%3A400%3Anormal&#8221;][vc_column_text] Sizler\u00a0 gelmeden \u00f6nce her sabah sizin i\u00e7in sahiller d\u00fczenlenir [&hellip;]<\/p>\n","protected":false},"author":1,"featured_media":0,"parent":0,"menu_order":0,"comment_status":"closed","ping_status":"closed","template":"","meta":{"footnotes":""},"class_list":["post-2992","page","type-page","status-publish","hentry"],"_links":{"self":[{"href":"https:\/\/turas.com.tr\/index.php?rest_route=\/wp\/v2\/pages\/2992","targetHints":{"allow":["GET"]}}],"collection":[{"href":"https:\/\/turas.com.tr\/index.php?rest_route=\/wp\/v2\/pages"}],"about":[{"href":"https:\/\/turas.com.tr\/index.php?rest_route=\/wp\/v2\/types\/page"}],"author":[{"embeddable":true,"href":"https:\/\/turas.com.tr\/index.php?rest_route=\/wp\/v2\/users\/1"}],"replies":[{"embeddable":true,"href":"https:\/\/turas.com.tr\/index.php?rest_route=%2Fwp%2Fv2%2Fcomments&post=2992"}],"version-history":[{"count":5,"href":"https:\/\/turas.com.tr\/index.php?rest_route=\/wp\/v2\/pages\/2992\/revisions"}],"predecessor-version":[{"id":3107,"href":"https:\/\/turas.com.tr\/index.php?rest_route=\/wp\/v2\/pages\/2992\/revisions\/3107"}],"wp:attachment":[{"href":"https:\/\/turas.com.tr\/index.php?rest_route=%2Fwp%2Fv2%2Fmedia&parent=2992"}],"curies":[{"name":"wp","href":"https:\/\/api.w.org\/{rel}","templated":true}]}}