{"id":3114,"date":"2023-07-24T11:31:54","date_gmt":"2023-07-24T08:31:54","guid":{"rendered":"https:\/\/turas.com.tr\/?page_id=3114"},"modified":"2023-11-20T15:00:15","modified_gmt":"2023-11-20T12:00:15","slug":"catlicak-halk-plaji","status":"publish","type":"page","link":"https:\/\/turas.com.tr\/?page_id=3114","title":{"rendered":"\u00c7atl\u0131cak Halk Plaj\u0131"},"content":{"rendered":"<section class=\"wpb-content-wrapper\"><p>[vc_row css=&#8221;.vc_custom_1689162907067{margin-top: 30px !important;}&#8221;][vc_column][vc_images_carousel images=&#8221;3122&#8243; img_size=&#8221;1145&#215;500&#8243;][vc_column_text][\/vc_column_text][vc_column_text][\/vc_column_text][\/vc_column][\/vc_row][vc_row][vc_column width=&#8221;1\/4&#8243;][vc_single_image image=&#8221;2614&#8243; img_size=&#8221;250&#215;250&#8243;][vc_custom_heading text=&#8221;\u00dccretsiz Ki\u015fi Giri\u015fi&#8221; font_container=&#8221;tag:h5|text_align:center&#8221; google_fonts=&#8221;font_family:Ubuntu%3A300%2C300italic%2Cregular%2Citalic%2C500%2C500italic%2C700%2C700italic|font_style:400%20regular%3A400%3Anormal&#8221;][vc_column_text]<\/p>\n<p style=\"text-align: center;\">T\u00fcm plajlar\u0131m\u0131zda Ki\u015filerin giri\u015flerinden \u00fccret al\u0131nmamaktad\u0131r.<\/p>\n<p>[\/vc_column_text][\/vc_column][vc_column width=&#8221;1\/4&#8243;][vc_single_image image=&#8221;2615&#8243; img_size=&#8221;250&#215;250&#8243;][vc_custom_heading text=&#8221;Uygun Fiyatlar&#8221; font_container=&#8221;tag:h5|text_align:center&#8221; google_fonts=&#8221;font_family:Ubuntu%3A300%2C300italic%2Cregular%2Citalic%2C500%2C500italic%2C700%2C700italic|font_style:400%20regular%3A400%3Anormal&#8221;][vc_column_text]<\/p>\n<p style=\"text-align: center;\">Uygun fiyatlar ile sizlere en kaliteli leziz \u00fcr\u00fcnleri sunar\u0131z<\/p>\n<p>[\/vc_column_text][\/vc_column][vc_column width=&#8221;1\/4&#8243;][vc_single_image image=&#8221;2616&#8243; img_size=&#8221;250&#215;250&#8243;][vc_custom_heading text=&#8221;Temiz Sahiller&#8221; font_container=&#8221;tag:h5|text_align:center&#8221; google_fonts=&#8221;font_family:Ubuntu%3A300%2C300italic%2Cregular%2Citalic%2C500%2C500italic%2C700%2C700italic|font_style:400%20regular%3A400%3Anormal&#8221;][vc_column_text]<\/p>\n<p style=\"text-align: center;\">Sizler\u00a0 gelmeden \u00f6nce her sabah sizin i\u00e7in sahiller d\u00fczenlenir temizlenir.<\/p>\n<p>[\/vc_column_text][\/vc_column][vc_column width=&#8221;1\/4&#8243;][vc_single_image image=&#8221;2617&#8243; img_size=&#8221;250&#215;250&#8243;][vc_custom_heading text=&#8221;Engelli Dostu&#8221; font_container=&#8221;tag:h5|text_align:center&#8221; google_fonts=&#8221;font_family:Ubuntu%3A300%2C300italic%2Cregular%2Citalic%2C500%2C500italic%2C700%2C700italic|font_style:400%20regular%3A400%3Anormal&#8221;][vc_column_text]<\/p>\n<p style=\"text-align: center;\">Halk plajlar\u0131m\u0131z engelli dostlar\u0131m\u0131z\u0131n kullan\u0131m\u0131 i\u00e7in tasarlanm\u0131\u015ft\u0131r.<\/p>\n<p>[\/vc_column_text][\/vc_column][\/vc_row][vc_row][vc_column width=&#8221;1\/4&#8243;][vc_single_image image=&#8221;2618&#8243; img_size=&#8221;250&#215;250&#8243;][vc_custom_heading text=&#8221;Otopark&#8221; font_container=&#8221;tag:h5|text_align:center&#8221; google_fonts=&#8221;font_family:Ubuntu%3A300%2C300italic%2Cregular%2Citalic%2C500%2C500italic%2C700%2C700italic|font_style:400%20regular%3A400%3Anormal&#8221;][vc_column_text]<\/p>\n<p style=\"text-align: center;\">7\/24 G\u00fcvenlik kameralar\u0131 ile takip edilen otoparklar.<\/p>\n<p>[\/vc_column_text][\/vc_column][vc_column width=&#8221;1\/4&#8243;][vc_single_image image=&#8221;2619&#8243; img_size=&#8221;250&#215;250&#8243;][vc_custom_heading text=&#8221;Spor Alanlar\u0131&#8221; font_container=&#8221;tag:h5|text_align:center&#8221; google_fonts=&#8221;font_family:Ubuntu%3A300%2C300italic%2Cregular%2Citalic%2C500%2C500italic%2C700%2C700italic|font_style:400%20regular%3A400%3Anormal&#8221;][vc_column_text]<\/p>\n<p style=\"text-align: center;\">Vatanda\u015flar\u0131m\u0131z\u0131n kullan\u0131m\u0131na sunulan spor alanlar\u0131<\/p>\n<p>[\/vc_column_text][\/vc_column][vc_column width=&#8221;1\/4&#8243;][vc_single_image image=&#8221;2620&#8243; img_size=&#8221;250&#215;250&#8243;][vc_custom_heading text=&#8221;Restoran &amp; Pastahane&#8221; font_container=&#8221;tag:h5|text_align:center&#8221; google_fonts=&#8221;font_family:Ubuntu%3A300%2C300italic%2Cregular%2Citalic%2C500%2C500italic%2C700%2C700italic|font_style:400%20regular%3A400%3Anormal&#8221;][vc_column_text]<\/p>\n<p style=\"text-align: center;\">Self Servis olarak hizmet veren restoranlar\u0131m\u0131zda en kaliteli \u00fcr\u00fcnler.<\/p>\n<p>[\/vc_column_text][\/vc_column][vc_column width=&#8221;1\/4&#8243;][vc_single_image image=&#8221;2621&#8243; img_size=&#8221;250&#215;250&#8243;][vc_custom_heading text=&#8221;Alkols\u00fcz Tesisler&#8221; font_container=&#8221;tag:h5|text_align:center&#8221; google_fonts=&#8221;font_family:Ubuntu%3A300%2C300italic%2Cregular%2Citalic%2C500%2C500italic%2C700%2C700italic|font_style:400%20regular%3A400%3Anormal&#8221;][vc_column_text]<\/p>\n<p style=\"text-align: center;\">Plajlar\u0131m\u0131zda alkol sat\u0131\u015f\u0131 yap\u0131lmamaktad\u0131r.<\/p>\n<p>[\/vc_column_text][\/vc_column][\/vc_row][vc_row css=&#8221;.vc_custom_1689667568113{background-color: #ffffff !important;}&#8221;][vc_column width=&#8221;1\/2&#8243;][vc_column_text]<\/p>\n<table class=\"wojo table\">\n<tbody>\n<tr>\n<td>&nbsp;<\/p>\n<p><b>Tesis Sorumlusu\u00a0\u00a0 :\u00a0<\/b><\/p>\n<p><b>Tesis Telefon\u00a0 \u00a0 \u00a0 \u00a0<\/b><b>\u00a0\u00a0:\u00a0<\/b>0537 265 25 37<\/p>\n<p><b>Tesis Eposta \u00a0 \u00a0 \u00a0 \u00a0 \u00a0:\u00a0<\/b>belek@turas.com.tr<\/p>\n<p><b>Tesis Adresi\u00a0 \u00a0 \u00a0 \u00a0 \u00a0\u00a0:\u00a0<\/b>Belek Mahallesi G\u00fcn\u00fcbirlik Caddesi 122 Sokak No 8 Serik\/ANTALYA<\/p>\n<p><b>Tesis Niteli\u011fi\u00a0 \u00a0 \u00a0 \u00a0\u00a0\u00a0:<\/b>\u00a0G\u00fcn\u00fcbirlik Halk Plaj\u0131<\/p>\n<p><b>Tesis Kapasitesi\u00a0 \u00a0:<\/b>\u00a03000<\/p>\n<p><b>Tesis Otopark\u00a0 \u00a0 \u00a0<\/b><b>\u00a0 :\u00a0<\/b>450 Ara\u00e7<\/p>\n<p><b>Tesis Bilgi\u00a0 \u00a0 \u00a0 \u00a0 \u00a0 \u00a0 \u00a0:\u00a0<\/b>Restoran, Pastahane, Dinlence Alanlar\u0131, E\u011flence Alanlar\u0131, Spor Alanlar\u0131, Tuvaletler, Du\u015fluklar, Erkek Kad\u0131n Mescid, \u00c7ocuk Park\u0131,<\/p>\n<p>\u00c7alt\u0131cak Plajlar\u0131 Top\u00e7am plaj\u0131n\u0131n 1.5 km bat\u0131s\u0131nda yer al\u0131r. \u00c7alt\u0131cak Plajlar\u0131n\u0131n do\u011fuda olan\u0131, B\u00fcy\u00fck \u00c7alt\u0131cak, bat\u0131da olan\u0131 ise k\u00fc\u00e7\u00fck \u00c7alt\u0131cak plaj\u0131d\u0131r. Bu iki plaj aras\u0131nda yakla\u015f\u0131k 2 kilometrelik mesafe vard\u0131r. \u00c7alt\u0131cak Plajlar\u0131n\u0131n bat\u0131s\u0131nda G\u00f6yn\u00fck tatil k\u00f6y\u00fc , do\u011fusunda top\u00e7am plaj\u0131, kuzeyinde de Olimpos Beyda\u011flar\u0131 Sahil Milli Park\u0131 vard\u0131r. Antalya k\u00f6rfezinin do\u011fu bat\u0131 k\u0131y\u0131lar\u0131 plaj varl\u0131\u011f\u0131 y\u00f6n\u00fcnden kar\u015f\u0131la\u015ft\u0131r\u0131ld\u0131\u011f\u0131nda, do\u011fu k\u0131y\u0131lar\u0131n\u0131n plajl\u0131 ve al\u00e7ak k\u0131y\u0131lar y\u00f6n\u00fcnden daha zengin oldu\u011fu g\u00f6r\u00fcl\u00fcr. Do\u011fu k\u0131y\u0131lar\u0131nda, Antalya \u015fehir merkezinin de \u00fczerinde kuruldu\u011fu 14 kilometre uzunlu\u011fundaki falezli k\u0131y\u0131lar d\u0131\u015f\u0131nda, 150 kilometre do\u011fudaki Alanya il\u00e7esi ve do\u011fusuna kadar al\u00e7ak k\u0131y\u0131lar\u0131n hakim oldu\u011fu s\u00f6ylenebilir.<\/p>\n<p>&nbsp;<\/td>\n<\/tr>\n<\/tbody>\n<\/table>\n<p>[\/vc_column_text][\/vc_column][vc_column width=&#8221;1\/2&#8243;][vc_column_text]<\/p>\n<p>\u00c7alt\u0131cak Plajlar\u0131n\u0131n en dikkati \u00e7eken \u00f6zellikleri, K\u0131z\u0131l\u00e7am a\u011fa\u00e7lar\u0131 aras\u0131nda yer almas\u0131 ve plaj\u0131n k\u00fc\u00e7\u00fck, korunakl\u0131 k\u00f6rfezlerin kenar\u0131nda bulunmas\u0131d\u0131r. Antalya Kemer karayolunun 16. ve 17. kilometrelerinde yer alan \u00c7alt\u0131cak Plajlar\u0131, karayolunun da 200 metre g\u00fcneyinde bulunur. Bu konumlar\u0131ndan dolay\u0131 \u00c7alt\u0131cak Plajlar\u0131, elveri\u015fli karayolu ula\u015f\u0131m imkanlar\u0131na sahiptir.<\/p>\n<p>\u00c7alt\u0131cak Plajlar\u0131nda turistik alt yap\u0131 imkanlar\u0131n\u0131n yeterli derecede bulundu\u011fu s\u00f6ylenebilir. Spor yapma imkanlar\u0131, su sporu i\u00e7in gerekli deniz gere\u00e7leri ve turistik i\u015fletmeleri ile \u00c7alt\u0131cak Plajlar\u0131, model bir plaj g\u00f6r\u00fcn\u00fcm\u00fcne sahiptirler.<\/p>\n<p><iframe loading=\"lazy\" title=\"YouTube video player\" src=\"https:\/\/www.youtube.com\/embed\/oe_kmwcO1ag\" width=\"560\" height=\"315\" frameborder=\"0\" allowfullscreen=\"allowfullscreen\"><\/iframe>[\/vc_column_text][\/vc_column][\/vc_row][vc_row][vc_column][vc_column_text][\/vc_column_text][vc_media_grid element_width=&#8221;3&#8243; gap=&#8221;15&#8243; grid_id=&#8221;vc_gid:1690187935487-bd8cb22a96a64653ec4bca74b8ca3d0f-8&#8243; include=&#8221;3121,3120,3119,3118&#8243;][vc_column_text]<iframe loading=\"lazy\" style=\"border: 0;\" src=\"https:\/\/www.google.com\/maps\/embed?pb=!1m18!1m12!1m3!1d12779.17507800204!2d30.566577269529827!3d36.79949473797885!2m3!1f0!2f0!3f0!3m2!1i1024!2i768!4f13.1!3m3!1m2!1s0x14c3950a6ff31141%3A0xb5b11ab39c990bae!2zS8O8w6fDvGsgw4dhbHTEsWNhaw!5e0!3m2!1str!2str!4v1690188476294!5m2!1str!2str\" width=\"100%\" height=\"450\" allowfullscreen=\"allowfullscreen\"><\/iframe>[\/vc_column_text][\/vc_column][\/vc_row]<\/p>\n<\/section>","protected":false},"excerpt":{"rendered":"<p>[vc_row css=&#8221;.vc_custom_1689162907067{margin-top: 30px !important;}&#8221;][vc_column][vc_images_carousel images=&#8221;3122&#8243; img_size=&#8221;1145&#215;500&#8243;][vc_column_text][\/vc_column_text][vc_column_text][\/vc_column_text][\/vc_column][\/vc_row][vc_row][vc_column width=&#8221;1\/4&#8243;][vc_single_image image=&#8221;2614&#8243; img_size=&#8221;250&#215;250&#8243;][vc_custom_heading text=&#8221;\u00dccretsiz Ki\u015fi Giri\u015fi&#8221; font_container=&#8221;tag:h5|text_align:center&#8221; google_fonts=&#8221;font_family:Ubuntu%3A300%2C300italic%2Cregular%2Citalic%2C500%2C500italic%2C700%2C700italic|font_style:400%20regular%3A400%3Anormal&#8221;][vc_column_text] T\u00fcm plajlar\u0131m\u0131zda Ki\u015filerin giri\u015flerinden \u00fccret al\u0131nmamaktad\u0131r. [\/vc_column_text][\/vc_column][vc_column width=&#8221;1\/4&#8243;][vc_single_image image=&#8221;2615&#8243; img_size=&#8221;250&#215;250&#8243;][vc_custom_heading text=&#8221;Uygun Fiyatlar&#8221; font_container=&#8221;tag:h5|text_align:center&#8221; google_fonts=&#8221;font_family:Ubuntu%3A300%2C300italic%2Cregular%2Citalic%2C500%2C500italic%2C700%2C700italic|font_style:400%20regular%3A400%3Anormal&#8221;][vc_column_text] Uygun fiyatlar ile sizlere en kaliteli leziz \u00fcr\u00fcnleri sunar\u0131z [\/vc_column_text][\/vc_column][vc_column width=&#8221;1\/4&#8243;][vc_single_image image=&#8221;2616&#8243; img_size=&#8221;250&#215;250&#8243;][vc_custom_heading text=&#8221;Temiz Sahiller&#8221; font_container=&#8221;tag:h5|text_align:center&#8221; google_fonts=&#8221;font_family:Ubuntu%3A300%2C300italic%2Cregular%2Citalic%2C500%2C500italic%2C700%2C700italic|font_style:400%20regular%3A400%3Anormal&#8221;][vc_column_text] Sizler\u00a0 gelmeden \u00f6nce her sabah sizin i\u00e7in sahiller d\u00fczenlenir temizlenir. [&hellip;]<\/p>\n","protected":false},"author":1,"featured_media":0,"parent":0,"menu_order":0,"comment_status":"closed","ping_status":"closed","template":"","meta":{"footnotes":""},"class_list":["post-3114","page","type-page","status-publish","hentry"],"_links":{"self":[{"href":"https:\/\/turas.com.tr\/index.php?rest_route=\/wp\/v2\/pages\/3114","targetHints":{"allow":["GET"]}}],"collection":[{"href":"https:\/\/turas.com.tr\/index.php?rest_route=\/wp\/v2\/pages"}],"about":[{"href":"https:\/\/turas.com.tr\/index.php?rest_route=\/wp\/v2\/types\/page"}],"author":[{"embeddable":true,"href":"https:\/\/turas.com.tr\/index.php?rest_route=\/wp\/v2\/users\/1"}],"replies":[{"embeddable":true,"href":"https:\/\/turas.com.tr\/index.php?rest_route=%2Fwp%2Fv2%2Fcomments&post=3114"}],"version-history":[{"count":5,"href":"https:\/\/turas.com.tr\/index.php?rest_route=\/wp\/v2\/pages\/3114\/revisions"}],"predecessor-version":[{"id":3193,"href":"https:\/\/turas.com.tr\/index.php?rest_route=\/wp\/v2\/pages\/3114\/revisions\/3193"}],"wp:attachment":[{"href":"https:\/\/turas.com.tr\/index.php?rest_route=%2Fwp%2Fv2%2Fmedia&parent=3114"}],"curies":[{"name":"wp","href":"https:\/\/api.w.org\/{rel}","templated":true}]}}